{"id":5527,"date":"2021-03-22T15:02:24","date_gmt":"2021-03-22T15:02:24","guid":{"rendered":"https:\/\/1u49tbaode.preview.infomaniak.website\/product\/livy-1\/"},"modified":"2023-05-18T07:11:47","modified_gmt":"2023-05-18T07:11:47","slug":"livy-1","status":"publish","type":"product","link":"https:\/\/shop.mitipi.com\/fr\/produit\/livy-1\/","title":{"rendered":"Livy Protect x1"},"content":{"rendered":"","protected":false},"excerpt":{"rendered":"<h4 style=\"text-align: left;\">Que peut faire Livy Protect?<\/h4>\n<ul>\n<li>Notifications push en cas de d\u00e9tection de fum\u00e9e ou de mouvement<\/li>\n<li>Mesure de la temp\u00e9rature, de l&#8217;humidit\u00e9 et de la qualit\u00e9 de l&#8217;air (COV)<\/li>\n<li>D\u00e9tecteur de fum\u00e9e Livy avec une batterie de 10 ans certifi\u00e9e selon la norme DIN EN 14604<\/li>\n<li>Livy Protect a une batterie d&#8217;une dur\u00e9e de vie de 6 mois et est rechargeable avec un c\u00e2ble Micro-USB<\/li>\n<\/ul>\n<h4 style=\"text-align: left;\">Installation &amp; Connectivit\u00e9<\/h4>\n<ul>\n<li>Installation via Livy App avec routeur Wifi<\/li>\n<li>Peut \u00eatre mont\u00e9 au plafond avec des vis et des chevilles<\/li>\n<li>Connectivit\u00e9 avec Google Home, Siri, IFTTT et bient\u00f4t HomeKit<\/li>\n<li>Communication de donn\u00e9es avec des serveurs bas\u00e9s en Allemagne<\/li>\n<\/ul>\n<h4 style=\"text-align: left;\">Application<\/h4>\n<ul>\n<li>Application Livy gratuite sur Google Play ou Apple Store<\/li>\n<li>Activation de l&#8217;alarme et notifications push avec l&#8217;application Livy<\/li>\n<li>Affichage des valeurs actuelles de l&#8217;air<\/li>\n<li>Fonction communautaire pour un acc\u00e8s suppl\u00e9mentaire par d&#8217;autres r\u00e9sident-e-s et ami-e-s<\/li>\n<li>Fonction de chat rapide en cas d&#8217;alarme<\/li>\n<li>App certifi\u00e9e T\u00dcV<\/li>\n<\/ul>\n<h4 style=\"text-align: left;\">Livraison<\/h4>\n<ul>\n<li>1x Livy Protect &#8211; Anneau multi-capteurs, y compris le c\u00e2ble micro-USB<\/li>\n<li>1x Livy D\u00e9tecteur de fum\u00e9e, y compris les vis et les chevilles<\/li>\n<\/ul>\n","protected":false},"featured_media":5378,"template":"","meta":{"content-type":""},"product_brand":[],"product_cat":[58],"product_tag":[],"class_list":{"0":"post-5527","1":"product","2":"type-product","3":"status-publish","4":"has-post-thumbnail","6":"product_cat-livy-fr","7":"product_shipping_class-buy-kevin","9":"first","10":"instock","11":"taxable","12":"shipping-taxable","13":"purchasable","14":"product-type-simple"},"yoast_head":"<!-- This site is optimized with the Yoast SEO plugin v27.3 - https:\/\/yoast.com\/product\/yoast-seo-wordpress\/ -->\n<title>Livy Protect x1 | Mitipi<\/title>\n<meta name=\"description\" content=\"Livy Protect - All-in-One Smoke Detector, Motion Detector, Air Quality, Temperature, Air Humidity\" \/>\n<meta name=\"robots\" content=\"index, follow, max-snippet:-1, max-image-preview:large, max-video-preview:-1\" \/>\n<link rel=\"canonical\" href=\"https:\/\/shop.mitipi.com\/produit\/livy-1\/\" \/>\n<meta property=\"og:locale\" content=\"fr_FR\" \/>\n<meta property=\"og:type\" content=\"article\" \/>\n<meta property=\"og:title\" content=\"Livy Protect x1 | Mitipi\" \/>\n<meta property=\"og:description\" content=\"Livy Protect - All-in-One Smoke Detector, Motion Detector, Air Quality, Temperature, Air Humidity\" \/>\n<meta property=\"og:url\" content=\"https:\/\/shop.mitipi.com\/produit\/livy-1\/\" \/>\n<meta property=\"og:site_name\" content=\"Mitipi\" \/>\n<meta property=\"article:publisher\" content=\"https:\/\/www.facebook.com\/mitipi.living\/\" \/>\n<meta property=\"article:modified_time\" content=\"2023-05-18T07:11:47+00:00\" \/>\n<meta property=\"og:image\" content=\"https:\/\/shop.mitipi.com\/wp-content\/uploads\/2021\/03\/LIVY_0003_a_1800x1800-e1667231833320.jpg\" \/>\n\t<meta property=\"og:image:width\" content=\"1000\" \/>\n\t<meta property=\"og:image:height\" content=\"1000\" \/>\n\t<meta property=\"og:image:type\" content=\"image\/jpeg\" \/>\n<meta name=\"twitter:card\" content=\"summary_large_image\" \/>\n<script type=\"application\/ld+json\" class=\"yoast-schema-graph\">{\"@context\":\"https:\\\/\\\/schema.org\",\"@graph\":[{\"@type\":\"WebPage\",\"@id\":\"https:\\\/\\\/shop.mitipi.com\\\/produit\\\/livy-1\\\/\",\"url\":\"https:\\\/\\\/shop.mitipi.com\\\/produit\\\/livy-1\\\/\",\"name\":\"Livy Protect x1 | Mitipi\",\"isPartOf\":{\"@id\":\"https:\\\/\\\/shop.mitipi.com\\\/#website\"},\"primaryImageOfPage\":{\"@id\":\"https:\\\/\\\/shop.mitipi.com\\\/produit\\\/livy-1\\\/#primaryimage\"},\"image\":{\"@id\":\"https:\\\/\\\/shop.mitipi.com\\\/produit\\\/livy-1\\\/#primaryimage\"},\"thumbnailUrl\":\"https:\\\/\\\/shop.mitipi.com\\\/wp-content\\\/uploads\\\/2021\\\/03\\\/LIVY_0003_a_1800x1800-e1667231833320.jpg\",\"datePublished\":\"2021-03-22T15:02:24+00:00\",\"dateModified\":\"2023-05-18T07:11:47+00:00\",\"description\":\"Livy Protect - All-in-One Smoke Detector, Motion Detector, Air Quality, Temperature, Air Humidity\",\"breadcrumb\":{\"@id\":\"https:\\\/\\\/shop.mitipi.com\\\/produit\\\/livy-1\\\/#breadcrumb\"},\"inLanguage\":\"fr-FR\",\"potentialAction\":[{\"@type\":\"ReadAction\",\"target\":[\"https:\\\/\\\/shop.mitipi.com\\\/produit\\\/livy-1\\\/\"]}]},{\"@type\":\"ImageObject\",\"inLanguage\":\"fr-FR\",\"@id\":\"https:\\\/\\\/shop.mitipi.com\\\/produit\\\/livy-1\\\/#primaryimage\",\"url\":\"https:\\\/\\\/shop.mitipi.com\\\/wp-content\\\/uploads\\\/2021\\\/03\\\/LIVY_0003_a_1800x1800-e1667231833320.jpg\",\"contentUrl\":\"https:\\\/\\\/shop.mitipi.com\\\/wp-content\\\/uploads\\\/2021\\\/03\\\/LIVY_0003_a_1800x1800-e1667231833320.jpg\",\"width\":1000,\"height\":1000,\"caption\":\"Einbruchspr\u00e4vention, Sicherheitstechnik, Einbruchsschutz, Heimsicherheit, Sicherheitstechnik, Haussicherheit\"},{\"@type\":\"BreadcrumbList\",\"@id\":\"https:\\\/\\\/shop.mitipi.com\\\/produit\\\/livy-1\\\/#breadcrumb\",\"itemListElement\":[{\"@type\":\"ListItem\",\"position\":1,\"name\":\"Home\",\"item\":\"https:\\\/\\\/shop.mitipi.com\\\/fr\\\/\"},{\"@type\":\"ListItem\",\"position\":2,\"name\":\"Boutique\",\"item\":\"https:\\\/\\\/shop.mitipi.com\\\/fr\\\/boutique\\\/\"},{\"@type\":\"ListItem\",\"position\":3,\"name\":\"Livy Protect x1\"}]},{\"@type\":\"WebSite\",\"@id\":\"https:\\\/\\\/shop.mitipi.com\\\/#website\",\"url\":\"https:\\\/\\\/shop.mitipi.com\\\/\",\"name\":\"Mitipi\",\"description\":\"Mitipi keeps you safe\",\"publisher\":{\"@id\":\"https:\\\/\\\/shop.mitipi.com\\\/#organization\"},\"potentialAction\":[{\"@type\":\"SearchAction\",\"target\":{\"@type\":\"EntryPoint\",\"urlTemplate\":\"https:\\\/\\\/shop.mitipi.com\\\/?s={search_term_string}\"},\"query-input\":{\"@type\":\"PropertyValueSpecification\",\"valueRequired\":true,\"valueName\":\"search_term_string\"}}],\"inLanguage\":\"fr-FR\"},{\"@type\":\"Organization\",\"@id\":\"https:\\\/\\\/shop.mitipi.com\\\/#organization\",\"name\":\"Mitipi\",\"url\":\"https:\\\/\\\/shop.mitipi.com\\\/\",\"logo\":{\"@type\":\"ImageObject\",\"inLanguage\":\"fr-FR\",\"@id\":\"https:\\\/\\\/shop.mitipi.com\\\/#\\\/schema\\\/logo\\\/image\\\/\",\"url\":\"https:\\\/\\\/shop.mitipi.com\\\/wp-content\\\/uploads\\\/2020\\\/03\\\/logo-blue-cut.png\",\"contentUrl\":\"https:\\\/\\\/shop.mitipi.com\\\/wp-content\\\/uploads\\\/2020\\\/03\\\/logo-blue-cut.png\",\"width\":440,\"height\":121,\"caption\":\"Mitipi\"},\"image\":{\"@id\":\"https:\\\/\\\/shop.mitipi.com\\\/#\\\/schema\\\/logo\\\/image\\\/\"},\"sameAs\":[\"https:\\\/\\\/www.facebook.com\\\/mitipi.living\\\/\",\"https:\\\/\\\/www.linkedin.com\\\/company\\\/mitipi\",\"https:\\\/\\\/www.youtube.com\\\/channel\\\/UCtspkxdCXhCaggGl3LmJv6w\\\/featured\"]}]}<\/script>\n<!-- \/ Yoast SEO plugin. -->","yoast_head_json":{"title":"Livy Protect x1 | Mitipi","description":"Livy Protect - All-in-One Smoke Detector, Motion Detector, Air Quality, Temperature, Air Humidity","robots":{"index":"index","follow":"follow","max-snippet":"max-snippet:-1","max-image-preview":"max-image-preview:large","max-video-preview":"max-video-preview:-1"},"canonical":"https:\/\/shop.mitipi.com\/produit\/livy-1\/","og_locale":"fr_FR","og_type":"article","og_title":"Livy Protect x1 | Mitipi","og_description":"Livy Protect - All-in-One Smoke Detector, Motion Detector, Air Quality, Temperature, Air Humidity","og_url":"https:\/\/shop.mitipi.com\/produit\/livy-1\/","og_site_name":"Mitipi","article_publisher":"https:\/\/www.facebook.com\/mitipi.living\/","article_modified_time":"2023-05-18T07:11:47+00:00","og_image":[{"width":1000,"height":1000,"url":"https:\/\/shop.mitipi.com\/wp-content\/uploads\/2021\/03\/LIVY_0003_a_1800x1800-e1667231833320.jpg","type":"image\/jpeg"}],"twitter_card":"summary_large_image","schema":{"@context":"https:\/\/schema.org","@graph":[{"@type":"WebPage","@id":"https:\/\/shop.mitipi.com\/produit\/livy-1\/","url":"https:\/\/shop.mitipi.com\/produit\/livy-1\/","name":"Livy Protect x1 | Mitipi","isPartOf":{"@id":"https:\/\/shop.mitipi.com\/#website"},"primaryImageOfPage":{"@id":"https:\/\/shop.mitipi.com\/produit\/livy-1\/#primaryimage"},"image":{"@id":"https:\/\/shop.mitipi.com\/produit\/livy-1\/#primaryimage"},"thumbnailUrl":"https:\/\/shop.mitipi.com\/wp-content\/uploads\/2021\/03\/LIVY_0003_a_1800x1800-e1667231833320.jpg","datePublished":"2021-03-22T15:02:24+00:00","dateModified":"2023-05-18T07:11:47+00:00","description":"Livy Protect - All-in-One Smoke Detector, Motion Detector, Air Quality, Temperature, Air Humidity","breadcrumb":{"@id":"https:\/\/shop.mitipi.com\/produit\/livy-1\/#breadcrumb"},"inLanguage":"fr-FR","potentialAction":[{"@type":"ReadAction","target":["https:\/\/shop.mitipi.com\/produit\/livy-1\/"]}]},{"@type":"ImageObject","inLanguage":"fr-FR","@id":"https:\/\/shop.mitipi.com\/produit\/livy-1\/#primaryimage","url":"https:\/\/shop.mitipi.com\/wp-content\/uploads\/2021\/03\/LIVY_0003_a_1800x1800-e1667231833320.jpg","contentUrl":"https:\/\/shop.mitipi.com\/wp-content\/uploads\/2021\/03\/LIVY_0003_a_1800x1800-e1667231833320.jpg","width":1000,"height":1000,"caption":"Einbruchspr\u00e4vention, Sicherheitstechnik, Einbruchsschutz, Heimsicherheit, Sicherheitstechnik, Haussicherheit"},{"@type":"BreadcrumbList","@id":"https:\/\/shop.mitipi.com\/produit\/livy-1\/#breadcrumb","itemListElement":[{"@type":"ListItem","position":1,"name":"Home","item":"https:\/\/shop.mitipi.com\/fr\/"},{"@type":"ListItem","position":2,"name":"Boutique","item":"https:\/\/shop.mitipi.com\/fr\/boutique\/"},{"@type":"ListItem","position":3,"name":"Livy Protect x1"}]},{"@type":"WebSite","@id":"https:\/\/shop.mitipi.com\/#website","url":"https:\/\/shop.mitipi.com\/","name":"Mitipi","description":"Mitipi keeps you safe","publisher":{"@id":"https:\/\/shop.mitipi.com\/#organization"},"potentialAction":[{"@type":"SearchAction","target":{"@type":"EntryPoint","urlTemplate":"https:\/\/shop.mitipi.com\/?s={search_term_string}"},"query-input":{"@type":"PropertyValueSpecification","valueRequired":true,"valueName":"search_term_string"}}],"inLanguage":"fr-FR"},{"@type":"Organization","@id":"https:\/\/shop.mitipi.com\/#organization","name":"Mitipi","url":"https:\/\/shop.mitipi.com\/","logo":{"@type":"ImageObject","inLanguage":"fr-FR","@id":"https:\/\/shop.mitipi.com\/#\/schema\/logo\/image\/","url":"https:\/\/shop.mitipi.com\/wp-content\/uploads\/2020\/03\/logo-blue-cut.png","contentUrl":"https:\/\/shop.mitipi.com\/wp-content\/uploads\/2020\/03\/logo-blue-cut.png","width":440,"height":121,"caption":"Mitipi"},"image":{"@id":"https:\/\/shop.mitipi.com\/#\/schema\/logo\/image\/"},"sameAs":["https:\/\/www.facebook.com\/mitipi.living\/","https:\/\/www.linkedin.com\/company\/mitipi","https:\/\/www.youtube.com\/channel\/UCtspkxdCXhCaggGl3LmJv6w\/featured"]}]}},"_links":{"self":[{"href":"https:\/\/shop.mitipi.com\/fr\/wp-json\/wp\/v2\/product\/5527","targetHints":{"allow":["GET"]}}],"collection":[{"href":"https:\/\/shop.mitipi.com\/fr\/wp-json\/wp\/v2\/product"}],"about":[{"href":"https:\/\/shop.mitipi.com\/fr\/wp-json\/wp\/v2\/types\/product"}],"wp:featuredmedia":[{"embeddable":true,"href":"https:\/\/shop.mitipi.com\/fr\/wp-json\/wp\/v2\/media\/5378"}],"wp:attachment":[{"href":"https:\/\/shop.mitipi.com\/fr\/wp-json\/wp\/v2\/media?parent=5527"}],"wp:term":[{"taxonomy":"product_brand","embeddable":true,"href":"https:\/\/shop.mitipi.com\/fr\/wp-json\/wp\/v2\/product_brand?post=5527"},{"taxonomy":"product_cat","embeddable":true,"href":"https:\/\/shop.mitipi.com\/fr\/wp-json\/wp\/v2\/product_cat?post=5527"},{"taxonomy":"product_tag","embeddable":true,"href":"https:\/\/shop.mitipi.com\/fr\/wp-json\/wp\/v2\/product_tag?post=5527"}],"curies":[{"name":"wp","href":"https:\/\/api.w.org\/{rel}","templated":true}]}}