{"id":4899,"date":"2025-05-01T08:51:15","date_gmt":"2020-07-14T08:51:15","guid":{"rendered":"https:\/\/1u49tbaode.preview.infomaniak.website\/?post_type=product&#038;p=4899"},"modified":"2025-04-01T19:45:32","modified_gmt":"2025-04-01T19:45:32","slug":"kevin-3-securite-appartement","status":"publish","type":"product","link":"https:\/\/shop.mitipi.com\/fr\/produit\/kevin-3-securite-appartement\/","title":{"rendered":"KEVIN<sup>\u00ae<\/sup>.appartement"},"content":{"rendered":"<ul>\n<li><strong>Un KEVIN\u00ae.3 est inclus gratuitement dans votre abonnement.<\/strong> \u00c9loignez les cambrioleurs en simulant votre pr\u00e9sence m\u00eame lorsque vous n&#8217;\u00eates pas chez vous.<\/li>\n<li>Obtenez toujours les derni\u00e8res mises \u00e0 jour et les nouvelles fonctionnalit\u00e9s sur l&#8217;application de s\u00e9curit\u00e9 Mitipi-Kevin.<\/li>\n<li>B\u00e9n\u00e9ficiez d&#8217;un contact de service personnel chez Mitipi pour vos besoins.<\/li>\n<li><strong>Garantie \u00e0 vie.<\/strong><\/li>\n<li>Vous avez le droit de r\u00e9silier l&#8217;abonnement \u00e0 tout moment : Frais de r\u00e9siliation anticip\u00e9e par ann\u00e9e : Ann\u00e9e 1 : 350 CHF. Ann\u00e9e 2 : 175 CHF (hors taxes).<\/li>\n<\/ul>\n<p>&nbsp;<\/p>\n<div style=\"width: 640px;\" class=\"wp-video\"><video class=\"wp-video-shortcode\" id=\"video-4899-1\" width=\"640\" height=\"360\" preload=\"metadata\" controls=\"controls\"><source type=\"video\/mp4\" src=\"https:\/\/shop.mitipi.com\/wp-content\/uploads\/2024\/01\/KEVIN-Swiss-The-worlds-easiest-and-most-effective-burglary-prevention-device1.mp4?_=1\" \/><a href=\"https:\/\/shop.mitipi.com\/wp-content\/uploads\/2024\/01\/KEVIN-Swiss-The-worlds-easiest-and-most-effective-burglary-prevention-device1.mp4\">https:\/\/shop.mitipi.com\/wp-content\/uploads\/2024\/01\/KEVIN-Swiss-The-worlds-easiest-and-most-effective-burglary-prevention-device1.mp4<\/a><\/video><\/div>\n<p>&nbsp;<\/p>\n<h4><strong>Votre maison &#8211; jamais seule. D\u00e9couvrez la troisi\u00e8me g\u00e9n\u00e9ration de colocataires contre les cambrioleurs qui simulent la pr\u00e9sence humaine. Gr\u00e2ce \u00e0 la technologie la plus r\u00e9cente et \u00e0 l&#8217;IA, nous maintenons votre vie priv\u00e9e et votre s\u00e9curit\u00e9 au plus haut niveau.<\/strong><\/h4>\n<p><strong>\u00a0<\/strong><\/p>\n<h5><strong>Nouveau : Profitez des nouvelles fonctions de personnalisation<\/strong><\/h5>\n<ul>\n<li>KEVIN\u00ae.3 vous permet de choisir votre couleur et de changer le cache du haut-parleur en un clin d&#8217;\u0153il.<\/li>\n<li>Riche palette de couleurs : bleu oc\u00e9an, brun for\u00eat, rouge volcan, blanc neige<\/li>\n<li>Design et mat\u00e9riaux de haute qualit\u00e9<\/li>\n<li>Plus de m\u00e9moire : la simulation de pr\u00e9sence al\u00e9atoire varie et dure plus de 4 semaines<strong> !<\/strong><\/li>\n<\/ul>\n<hr \/>\n<h4><\/h4>\n<h5><strong>Nouveau : Profitez de 4x plus d&#8217;espace de stockage pour vos simulations personnalis\u00e9es.<\/strong><\/h5>\n<ul>\n<li>Vous pouvez d\u00e9sormais enregistrer des films entiers ou de longues soir\u00e9es via l&#8217;application Mitipi-KEVIN et les lire sur KEVIN\u00ae.3 (par rapport \u00e0 seulement de courtes s\u00e9quences avec l&#8217;ancien mod\u00e8le KEVIN\u00ae.2).<\/li>\n<li>Au total, plus de 4 semaines de simulations sans r\u00e9p\u00e9tition sont possibles (contre seulement 1 semaine avec l&#8217;ancien mod\u00e8le KEVIN\u00ae.2).<\/li>\n<\/ul>\n<hr \/>\n<h4><\/h4>\n<h5><strong>Am\u00e9lior\u00e9 : Votre colocataire virtuel contre les cambrioleurs avec des ombres en mouvement et plus encore<\/strong><\/h5>\n<ul>\n<li>Simule votre pr\u00e9sence lorsque vous n&#8217;\u00eates pas chez vous ou au bureau \/ entrep\u00f4t \/ magasin et dissuade les cambrioleurs<\/li>\n<li>Effets lumineux et bruits r\u00e9alistes comme des gens qui se prom\u00e8nent et font quelque chose, des conversations, la t\u00e9l\u00e9vision ou le nettoyage<\/li>\n<li><strong>NOUVEAUT\u00c9 MONDIALE BREVET\u00c9E : silhouettes de personnes en mouvement<\/strong> avec des effets d&#8217;ombre qui simulent votre pr\u00e9sence.<\/li>\n<li>Personnalisez votre KEVIN\u00ae avec l&#8217;application Mitipi-Kevin. Cr\u00e9ez votre profil<\/li>\n<li>Enregistrez vos propres sons avec l&#8217;application Mitipi-Kevin et d\u00e9cidez quand KEVIN\u00ae doit les simuler.<\/li>\n<li>Contr\u00f4lez KEVIN\u00ae via votre smartphone ou compl\u00e8tement hors ligne directement sur l&#8217;appareil.<\/li>\n<\/ul>\n<hr \/>\n<h4><\/h4>\n<h5><strong>Am\u00e9lior\u00e9 : Votre haut-parleur et votre lampe lorsque vous \u00eates au magazin, \u00e0 la maison ou au bureau.<\/strong><\/h5>\n<ul>\n<li>Utilisez KEVIN\u00ae comme haut-parleur Bluetooth et laissez-le jouer votre playlist ou votre radio.<\/li>\n<li>KEVIN\u00ae peut \u00e9galement \u00eatre utilis\u00e9 comme lumi\u00e8re ambiante.<\/li>\n<li>Et KEVIN\u00ae est une superbe pi\u00e8ce de DESIGN, qui attire le regard.<\/li>\n<\/ul>\n<div style=\"width: 640px;\" class=\"wp-video\"><video class=\"wp-video-shortcode\" id=\"video-4899-2\" width=\"640\" height=\"360\" preload=\"metadata\" controls=\"controls\"><source type=\"video\/mp4\" src=\"https:\/\/shop-usa.mitipi.com\/wp-content\/uploads\/2023\/11\/KEVIN-360-LOOP-V2.mp4?_=2\" \/><a href=\"https:\/\/shop-usa.mitipi.com\/wp-content\/uploads\/2023\/11\/KEVIN-360-LOOP-V2.mp4\">https:\/\/shop-usa.mitipi.com\/wp-content\/uploads\/2023\/11\/KEVIN-360-LOOP-V2.mp4<\/a><\/video><\/div>\n<p>&nbsp;<\/p>\n<h4>Que comprend la formule KEVIN\u00ae.appartement ?<\/h4>\n<ul>\n<li>1 appareil gratuits inclus, de conception suisse<\/li>\n<li>70 heures de simulation pr\u00e9enregistr\u00e9e par appareil<\/li>\n<li>Couverture \u00e0 \u00e9changer en une seconde (choisissez parmi les couvertures avant propos\u00e9es s\u00e9par\u00e9ment)<\/li>\n<li>Haut-parleur Bluetooth<\/li>\n<li>Application Mitipi KEVIN\u00ae avec toutes les fonctionnalit\u00e9s<\/li>\n<li><strong>Garantie \u00e0 vie<\/strong><\/li>\n<li>G\u00e9o-cl\u00f4ture automatique via l&#8217;application Mitipi KEVIN\u00ae<\/li>\n<li>Outil de planification pour les vacances, les maisons de vacances, les bureaux, les entrep\u00f4ts, etc.<\/li>\n<li>Personnalisation de la simulation \u00e0 l&#8217;aide d&#8217;un outil simple<\/li>\n<li>T\u00e9l\u00e9chargement de vos sons et bruits<\/li>\n<li>Enregistrement de vos sons et bruits et planification d&#8217;effets de lumi\u00e8re, d&#8217;effets de salle, d&#8217;effets de temps<\/li>\n<li>Mises \u00e0 jour futures du logiciel<\/li>\n<li>Possibilit\u00e9 de g\u00e9rer plusieurs appareils avec la m\u00eame application<\/li>\n<li>Possibilit\u00e9 d&#8217;ajouter encore plus d&#8217;appareils sur la m\u00eame application<\/li>\n<li>Assistance personnelle<\/li>\n<li>Conseils de s\u00e9curit\u00e9 en ligne avec astuces<\/li>\n<li>Service d&#8217;assistance personnelle. Gestionnaire de grands comptes. R\u00e9ponse dans les 12 heures.Informations techniques :<\/li>\n<li>Peut \u00e9galement \u00eatre utilis\u00e9 comme enceinte et lampe Bluetooth<\/li>\n<li>Fonction intelligente d&#8217;\u00e9conomie d&#8217;\u00e9nergie gr\u00e2ce au capteur de lumi\u00e8re ambiante<\/li>\n<li>Interfaces : WLAN 2.4 GHz, Bluetooth (4.2 et BLE).<\/li>\n<\/ul>\n","protected":false},"excerpt":{"rendered":"<h4><strong>Ce que comprend notre programme de s\u00e9curit\u00e9 appartement<br \/>\n<\/strong><\/h4>\n<ul>\n<li>KEVIN\u00ae.3<\/li>\n<li>Contr\u00f4le de s\u00e9curit\u00e9<\/li>\n<li>Mises \u00e0 jour sur l&#8217;application Mitipi<\/li>\n<li>Service personnalis\u00e9<\/li>\n<li>Ing\u00e9nierie et savoir-faire suisses<\/li>\n<\/ul>\n","protected":false},"featured_media":13589,"template":"","meta":{"content-type":""},"product_brand":[],"product_cat":[57],"product_tag":[],"class_list":{"0":"post-4899","1":"product","2":"type-product","3":"status-publish","4":"has-post-thumbnail","6":"product_cat-kevin-fr","7":"product_shipping_class-buy-kevin","9":"first","10":"instock","11":"sold-individually","12":"taxable","13":"shipping-taxable","14":"purchasable","15":"product-type-simple"},"yoast_head":"<!-- This site is optimized with the Yoast SEO plugin v27.3 - https:\/\/yoast.com\/product\/yoast-seo-wordpress\/ -->\n<title>KEVIN\u00ae.appartement : Obtenez la s\u00e9curit\u00e9 pour votre appartement<\/title>\n<meta name=\"description\" content=\"Mitipi a \u00e9t\u00e9 brevet\u00e9 et est aujourd&#039;hui la solution de s\u00e9curit\u00e9 la plus efficace au monde contre les cambriolages. Gr\u00e2ce \u00e0 l&#039;IA et \u00e0 de nombreuses fonctions, le cambrioleur pense que vous \u00eates chez vous.\" \/>\n<meta name=\"robots\" content=\"index, follow, max-snippet:-1, max-image-preview:large, max-video-preview:-1\" \/>\n<link rel=\"canonical\" href=\"https:\/\/shop.mitipi.com\/fr\/produit\/kevin-3-securite-appartement\/\" \/>\n<meta property=\"og:locale\" content=\"fr_FR\" \/>\n<meta property=\"og:type\" content=\"article\" \/>\n<meta property=\"og:title\" content=\"KEVIN\u00ae.appartement : Obtenez la s\u00e9curit\u00e9 pour votre appartement\" \/>\n<meta property=\"og:description\" content=\"Mitipi a \u00e9t\u00e9 brevet\u00e9 et est aujourd&#039;hui la solution de s\u00e9curit\u00e9 la plus efficace au monde contre les cambriolages. Gr\u00e2ce \u00e0 l&#039;IA et \u00e0 de nombreuses fonctions, le cambrioleur pense que vous \u00eates chez vous.\" \/>\n<meta property=\"og:url\" content=\"https:\/\/shop.mitipi.com\/fr\/produit\/kevin-3-securite-appartement\/\" \/>\n<meta property=\"og:site_name\" content=\"Mitipi\" \/>\n<meta property=\"article:publisher\" content=\"https:\/\/www.facebook.com\/mitipi.living\/\" \/>\n<meta property=\"article:modified_time\" content=\"2025-04-01T19:45:32+00:00\" \/>\n<meta property=\"og:image\" content=\"https:\/\/shop.mitipi.com\/wp-content\/uploads\/2024\/01\/Bild3.png\" \/>\n\t<meta property=\"og:image:width\" content=\"1264\" \/>\n\t<meta property=\"og:image:height\" content=\"722\" \/>\n\t<meta property=\"og:image:type\" content=\"image\/png\" \/>\n<meta name=\"twitter:card\" content=\"summary_large_image\" \/>\n<meta name=\"twitter:label1\" content=\"Dur\u00e9e de lecture estim\u00e9e\" \/>\n\t<meta name=\"twitter:data1\" content=\"3 minutes\" \/>\n<script type=\"application\/ld+json\" class=\"yoast-schema-graph\">{\"@context\":\"https:\\\/\\\/schema.org\",\"@graph\":[{\"@type\":\"WebPage\",\"@id\":\"https:\\\/\\\/shop.mitipi.com\\\/fr\\\/produit\\\/kevin-3-securite-appartement\\\/\",\"url\":\"https:\\\/\\\/shop.mitipi.com\\\/fr\\\/produit\\\/kevin-3-securite-appartement\\\/\",\"name\":\"KEVIN\u00ae.appartement : Obtenez la s\u00e9curit\u00e9 pour votre appartement\",\"isPartOf\":{\"@id\":\"https:\\\/\\\/shop.mitipi.com\\\/#website\"},\"primaryImageOfPage\":{\"@id\":\"https:\\\/\\\/shop.mitipi.com\\\/fr\\\/produit\\\/kevin-3-securite-appartement\\\/#primaryimage\"},\"image\":{\"@id\":\"https:\\\/\\\/shop.mitipi.com\\\/fr\\\/produit\\\/kevin-3-securite-appartement\\\/#primaryimage\"},\"thumbnailUrl\":\"https:\\\/\\\/shop.mitipi.com\\\/wp-content\\\/uploads\\\/2025\\\/04\\\/RENT-APARTMENT.png\",\"datePublished\":\"2020-07-14T08:51:15+00:00\",\"dateModified\":\"2025-04-01T19:45:32+00:00\",\"description\":\"Mitipi a \u00e9t\u00e9 brevet\u00e9 et est aujourd'hui la solution de s\u00e9curit\u00e9 la plus efficace au monde contre les cambriolages. Gr\u00e2ce \u00e0 l'IA et \u00e0 de nombreuses fonctions, le cambrioleur pense que vous \u00eates chez vous.\",\"breadcrumb\":{\"@id\":\"https:\\\/\\\/shop.mitipi.com\\\/fr\\\/produit\\\/kevin-3-securite-appartement\\\/#breadcrumb\"},\"inLanguage\":\"fr-FR\",\"potentialAction\":[{\"@type\":\"ReadAction\",\"target\":[\"https:\\\/\\\/shop.mitipi.com\\\/fr\\\/produit\\\/kevin-3-securite-appartement\\\/\"]}]},{\"@type\":\"ImageObject\",\"inLanguage\":\"fr-FR\",\"@id\":\"https:\\\/\\\/shop.mitipi.com\\\/fr\\\/produit\\\/kevin-3-securite-appartement\\\/#primaryimage\",\"url\":\"https:\\\/\\\/shop.mitipi.com\\\/wp-content\\\/uploads\\\/2025\\\/04\\\/RENT-APARTMENT.png\",\"contentUrl\":\"https:\\\/\\\/shop.mitipi.com\\\/wp-content\\\/uploads\\\/2025\\\/04\\\/RENT-APARTMENT.png\",\"width\":450,\"height\":447,\"caption\":\"RENT your personal KEVIN for your home\"},{\"@type\":\"BreadcrumbList\",\"@id\":\"https:\\\/\\\/shop.mitipi.com\\\/fr\\\/produit\\\/kevin-3-securite-appartement\\\/#breadcrumb\",\"itemListElement\":[{\"@type\":\"ListItem\",\"position\":1,\"name\":\"Home\",\"item\":\"https:\\\/\\\/shop.mitipi.com\\\/fr\\\/\"},{\"@type\":\"ListItem\",\"position\":2,\"name\":\"Boutique\",\"item\":\"https:\\\/\\\/shop.mitipi.com\\\/fr\\\/boutique\\\/\"},{\"@type\":\"ListItem\",\"position\":3,\"name\":\"KEVIN\u00ae.appartement\"}]},{\"@type\":\"WebSite\",\"@id\":\"https:\\\/\\\/shop.mitipi.com\\\/#website\",\"url\":\"https:\\\/\\\/shop.mitipi.com\\\/\",\"name\":\"Mitipi\",\"description\":\"Mitipi keeps you safe\",\"publisher\":{\"@id\":\"https:\\\/\\\/shop.mitipi.com\\\/#organization\"},\"potentialAction\":[{\"@type\":\"SearchAction\",\"target\":{\"@type\":\"EntryPoint\",\"urlTemplate\":\"https:\\\/\\\/shop.mitipi.com\\\/?s={search_term_string}\"},\"query-input\":{\"@type\":\"PropertyValueSpecification\",\"valueRequired\":true,\"valueName\":\"search_term_string\"}}],\"inLanguage\":\"fr-FR\"},{\"@type\":\"Organization\",\"@id\":\"https:\\\/\\\/shop.mitipi.com\\\/#organization\",\"name\":\"Mitipi\",\"url\":\"https:\\\/\\\/shop.mitipi.com\\\/\",\"logo\":{\"@type\":\"ImageObject\",\"inLanguage\":\"fr-FR\",\"@id\":\"https:\\\/\\\/shop.mitipi.com\\\/#\\\/schema\\\/logo\\\/image\\\/\",\"url\":\"https:\\\/\\\/shop.mitipi.com\\\/wp-content\\\/uploads\\\/2020\\\/03\\\/logo-blue-cut.png\",\"contentUrl\":\"https:\\\/\\\/shop.mitipi.com\\\/wp-content\\\/uploads\\\/2020\\\/03\\\/logo-blue-cut.png\",\"width\":440,\"height\":121,\"caption\":\"Mitipi\"},\"image\":{\"@id\":\"https:\\\/\\\/shop.mitipi.com\\\/#\\\/schema\\\/logo\\\/image\\\/\"},\"sameAs\":[\"https:\\\/\\\/www.facebook.com\\\/mitipi.living\\\/\",\"https:\\\/\\\/www.linkedin.com\\\/company\\\/mitipi\",\"https:\\\/\\\/www.youtube.com\\\/channel\\\/UCtspkxdCXhCaggGl3LmJv6w\\\/featured\"]}]}<\/script>\n<!-- \/ Yoast SEO plugin. -->","yoast_head_json":{"title":"KEVIN\u00ae.appartement : Obtenez la s\u00e9curit\u00e9 pour votre appartement","description":"Mitipi a \u00e9t\u00e9 brevet\u00e9 et est aujourd'hui la solution de s\u00e9curit\u00e9 la plus efficace au monde contre les cambriolages. Gr\u00e2ce \u00e0 l'IA et \u00e0 de nombreuses fonctions, le cambrioleur pense que vous \u00eates chez vous.","robots":{"index":"index","follow":"follow","max-snippet":"max-snippet:-1","max-image-preview":"max-image-preview:large","max-video-preview":"max-video-preview:-1"},"canonical":"https:\/\/shop.mitipi.com\/fr\/produit\/kevin-3-securite-appartement\/","og_locale":"fr_FR","og_type":"article","og_title":"KEVIN\u00ae.appartement : Obtenez la s\u00e9curit\u00e9 pour votre appartement","og_description":"Mitipi a \u00e9t\u00e9 brevet\u00e9 et est aujourd'hui la solution de s\u00e9curit\u00e9 la plus efficace au monde contre les cambriolages. Gr\u00e2ce \u00e0 l'IA et \u00e0 de nombreuses fonctions, le cambrioleur pense que vous \u00eates chez vous.","og_url":"https:\/\/shop.mitipi.com\/fr\/produit\/kevin-3-securite-appartement\/","og_site_name":"Mitipi","article_publisher":"https:\/\/www.facebook.com\/mitipi.living\/","article_modified_time":"2025-04-01T19:45:32+00:00","og_image":[{"width":1264,"height":722,"url":"https:\/\/shop.mitipi.com\/wp-content\/uploads\/2024\/01\/Bild3.png","type":"image\/png"}],"twitter_card":"summary_large_image","twitter_misc":{"Dur\u00e9e de lecture estim\u00e9e":"3 minutes"},"schema":{"@context":"https:\/\/schema.org","@graph":[{"@type":"WebPage","@id":"https:\/\/shop.mitipi.com\/fr\/produit\/kevin-3-securite-appartement\/","url":"https:\/\/shop.mitipi.com\/fr\/produit\/kevin-3-securite-appartement\/","name":"KEVIN\u00ae.appartement : Obtenez la s\u00e9curit\u00e9 pour votre appartement","isPartOf":{"@id":"https:\/\/shop.mitipi.com\/#website"},"primaryImageOfPage":{"@id":"https:\/\/shop.mitipi.com\/fr\/produit\/kevin-3-securite-appartement\/#primaryimage"},"image":{"@id":"https:\/\/shop.mitipi.com\/fr\/produit\/kevin-3-securite-appartement\/#primaryimage"},"thumbnailUrl":"https:\/\/shop.mitipi.com\/wp-content\/uploads\/2025\/04\/RENT-APARTMENT.png","datePublished":"2020-07-14T08:51:15+00:00","dateModified":"2025-04-01T19:45:32+00:00","description":"Mitipi a \u00e9t\u00e9 brevet\u00e9 et est aujourd'hui la solution de s\u00e9curit\u00e9 la plus efficace au monde contre les cambriolages. Gr\u00e2ce \u00e0 l'IA et \u00e0 de nombreuses fonctions, le cambrioleur pense que vous \u00eates chez vous.","breadcrumb":{"@id":"https:\/\/shop.mitipi.com\/fr\/produit\/kevin-3-securite-appartement\/#breadcrumb"},"inLanguage":"fr-FR","potentialAction":[{"@type":"ReadAction","target":["https:\/\/shop.mitipi.com\/fr\/produit\/kevin-3-securite-appartement\/"]}]},{"@type":"ImageObject","inLanguage":"fr-FR","@id":"https:\/\/shop.mitipi.com\/fr\/produit\/kevin-3-securite-appartement\/#primaryimage","url":"https:\/\/shop.mitipi.com\/wp-content\/uploads\/2025\/04\/RENT-APARTMENT.png","contentUrl":"https:\/\/shop.mitipi.com\/wp-content\/uploads\/2025\/04\/RENT-APARTMENT.png","width":450,"height":447,"caption":"RENT your personal KEVIN for your home"},{"@type":"BreadcrumbList","@id":"https:\/\/shop.mitipi.com\/fr\/produit\/kevin-3-securite-appartement\/#breadcrumb","itemListElement":[{"@type":"ListItem","position":1,"name":"Home","item":"https:\/\/shop.mitipi.com\/fr\/"},{"@type":"ListItem","position":2,"name":"Boutique","item":"https:\/\/shop.mitipi.com\/fr\/boutique\/"},{"@type":"ListItem","position":3,"name":"KEVIN\u00ae.appartement"}]},{"@type":"WebSite","@id":"https:\/\/shop.mitipi.com\/#website","url":"https:\/\/shop.mitipi.com\/","name":"Mitipi","description":"Mitipi keeps you safe","publisher":{"@id":"https:\/\/shop.mitipi.com\/#organization"},"potentialAction":[{"@type":"SearchAction","target":{"@type":"EntryPoint","urlTemplate":"https:\/\/shop.mitipi.com\/?s={search_term_string}"},"query-input":{"@type":"PropertyValueSpecification","valueRequired":true,"valueName":"search_term_string"}}],"inLanguage":"fr-FR"},{"@type":"Organization","@id":"https:\/\/shop.mitipi.com\/#organization","name":"Mitipi","url":"https:\/\/shop.mitipi.com\/","logo":{"@type":"ImageObject","inLanguage":"fr-FR","@id":"https:\/\/shop.mitipi.com\/#\/schema\/logo\/image\/","url":"https:\/\/shop.mitipi.com\/wp-content\/uploads\/2020\/03\/logo-blue-cut.png","contentUrl":"https:\/\/shop.mitipi.com\/wp-content\/uploads\/2020\/03\/logo-blue-cut.png","width":440,"height":121,"caption":"Mitipi"},"image":{"@id":"https:\/\/shop.mitipi.com\/#\/schema\/logo\/image\/"},"sameAs":["https:\/\/www.facebook.com\/mitipi.living\/","https:\/\/www.linkedin.com\/company\/mitipi","https:\/\/www.youtube.com\/channel\/UCtspkxdCXhCaggGl3LmJv6w\/featured"]}]}},"_links":{"self":[{"href":"https:\/\/shop.mitipi.com\/fr\/wp-json\/wp\/v2\/product\/4899","targetHints":{"allow":["GET"]}}],"collection":[{"href":"https:\/\/shop.mitipi.com\/fr\/wp-json\/wp\/v2\/product"}],"about":[{"href":"https:\/\/shop.mitipi.com\/fr\/wp-json\/wp\/v2\/types\/product"}],"wp:featuredmedia":[{"embeddable":true,"href":"https:\/\/shop.mitipi.com\/fr\/wp-json\/wp\/v2\/media\/13589"}],"wp:attachment":[{"href":"https:\/\/shop.mitipi.com\/fr\/wp-json\/wp\/v2\/media?parent=4899"}],"wp:term":[{"taxonomy":"product_brand","embeddable":true,"href":"https:\/\/shop.mitipi.com\/fr\/wp-json\/wp\/v2\/product_brand?post=4899"},{"taxonomy":"product_cat","embeddable":true,"href":"https:\/\/shop.mitipi.com\/fr\/wp-json\/wp\/v2\/product_cat?post=4899"},{"taxonomy":"product_tag","embeddable":true,"href":"https:\/\/shop.mitipi.com\/fr\/wp-json\/wp\/v2\/product_tag?post=4899"}],"curies":[{"name":"wp","href":"https:\/\/api.w.org\/{rel}","templated":true}]}}