{"id":4505,"date":"2024-10-22T14:14:46","date_gmt":"2020-03-08T14:14:46","guid":{"rendered":"http:\/\/1u49tabvsu.preview.infomaniak.website\/product\/kevin\/"},"modified":"2024-09-30T09:00:04","modified_gmt":"2024-09-30T09:00:04","slug":"kevin-un-systeme-contres-les-cambriolages","status":"publish","type":"product","link":"https:\/\/shop.mitipi.com\/fr\/produit\/kevin-un-systeme-contres-les-cambriolages\/","title":{"rendered":"KEVIN\u00ae.2 refurbished &#8211; remis \u00e0 neuf"},"content":{"rendered":"<p>La deuxi\u00e8me g\u00e9n\u00e9ration de ton colocataire contre les cambrioleurs. Remis \u00e0 neuf, avec une nouvelle software.<\/p>\n<ul>\n<li>Avec 70 heures d&#8217;activit\u00e9s pr\u00e9install\u00e9es, KEVIN.2 simule ta pr\u00e9sence \u00e0 la maison quand tu n&#8217;es pas l\u00e0.<\/li>\n<li>Il dissuade ainsi les cambrioleurs.<\/li>\n<li>Contr\u00f4le ton KEVIN avec l&#8217;application Mitipi-Kevin ou directement sur l&#8217;appareil.<\/li>\n<li>Cr\u00e9e ton propre profil.<\/li>\n<li>Planifie l&#8217;utilisation de KEVIN avec la fonction de planification ou via le g\u00e9ofencing.<\/li>\n<li>Consommation d&#8217;\u00e9nergie intelligente : KEVIN.2 ne consomme que 9W pour simuler ta pr\u00e9sence.<\/li>\n<li>Utilise \u00e9galement KEVIN.2 comme haut-parleur et lampe lorsque tu es \u00e0 la maison.<\/li>\n<\/ul>\n","protected":false},"excerpt":{"rendered":"<h4 style=\"text-align: left;\">KEVIN\u00ae.2 refurbished &#8211; pr\u00e9vention des cambriolages avec Mitipi-App<\/h4>\n<p>(Disponible uniquement en <strong>Suisse<\/strong>)<\/p>\n<ul>\n<li>Effets lumineux et sons r\u00e9alistes<\/li>\n<li>Permet la cr\u00e9ation d&#8217;un profil de personnalit\u00e9 individuel et convivial pour une authenticit\u00e9 maximale<\/li>\n<li>Commande \u00e0 distance via le Smartphone ou directement sur le dispositif<\/li>\n<li>Fonction intelligente d&#8217;\u00e9conomie d&#8217;\u00e9nergie gr\u00e2ce au capteur de lumi\u00e8re ambiante<\/li>\n<li>Interfaces: WLAN 2,4 GHz, Bluetooth (4.2 et BLE).<\/li>\n<\/ul>\n","protected":false},"featured_media":5023,"template":"","meta":{"content-type":""},"product_brand":[],"product_cat":[57],"product_tag":[],"class_list":{"0":"post-4505","1":"product","2":"type-product","3":"status-publish","4":"has-post-thumbnail","6":"product_cat-kevin-fr","7":"product_shipping_class-buy-kevin","9":"first","10":"instock","11":"taxable","12":"shipping-taxable","13":"purchasable","14":"product-type-simple"},"yoast_head":"<!-- This site is optimized with the Yoast SEO plugin v27.3 - https:\/\/yoast.com\/product\/yoast-seo-wordpress\/ -->\n<title>KEVIN\u00ae.2 refurbished - remis \u00e0 neuf | de Mitipi<\/title>\n<meta name=\"description\" content=\"Kevin.2 refurbished est le syst\u00e8me anti-cambriolage qui vous permettra de rester en s\u00e9curit\u00e9, 24 h sur 24. Kevin prot\u00e9gera vous et votre maison!\" \/>\n<meta name=\"robots\" content=\"index, follow, max-snippet:-1, max-image-preview:large, max-video-preview:-1\" \/>\n<link rel=\"canonical\" href=\"https:\/\/shop.mitipi.com\/fr\/produit\/kevin-un-systeme-contres-les-cambriolages\/\" \/>\n<meta property=\"og:locale\" content=\"fr_FR\" \/>\n<meta property=\"og:type\" content=\"article\" \/>\n<meta property=\"og:title\" content=\"KEVIN\u00ae.2 refurbished - remis \u00e0 neuf | de Mitipi\" \/>\n<meta property=\"og:description\" content=\"Kevin.2 refurbished est le syst\u00e8me anti-cambriolage qui vous permettra de rester en s\u00e9curit\u00e9, 24 h sur 24. Kevin prot\u00e9gera vous et votre maison!\" \/>\n<meta property=\"og:url\" content=\"https:\/\/shop.mitipi.com\/fr\/produit\/kevin-un-systeme-contres-les-cambriolages\/\" \/>\n<meta property=\"og:site_name\" content=\"Mitipi\" \/>\n<meta property=\"article:publisher\" content=\"https:\/\/www.facebook.com\/mitipi.living\/\" \/>\n<meta property=\"article:modified_time\" content=\"2024-09-30T09:00:04+00:00\" \/>\n<meta property=\"og:image\" content=\"https:\/\/shop.mitipi.com\/wp-content\/uploads\/2020\/09\/DSC_0297-scaled.jpg\" \/>\n\t<meta property=\"og:image:width\" content=\"2560\" \/>\n\t<meta property=\"og:image:height\" content=\"1707\" \/>\n\t<meta property=\"og:image:type\" content=\"image\/jpeg\" \/>\n<meta name=\"twitter:card\" content=\"summary_large_image\" \/>\n<meta name=\"twitter:label1\" content=\"Dur\u00e9e de lecture estim\u00e9e\" \/>\n\t<meta name=\"twitter:data1\" content=\"1 minute\" \/>\n<script type=\"application\/ld+json\" class=\"yoast-schema-graph\">{\"@context\":\"https:\\\/\\\/schema.org\",\"@graph\":[{\"@type\":\"WebPage\",\"@id\":\"https:\\\/\\\/shop.mitipi.com\\\/fr\\\/produit\\\/kevin-un-systeme-contres-les-cambriolages\\\/\",\"url\":\"https:\\\/\\\/shop.mitipi.com\\\/fr\\\/produit\\\/kevin-un-systeme-contres-les-cambriolages\\\/\",\"name\":\"KEVIN\u00ae.2 refurbished - remis \u00e0 neuf | de Mitipi\",\"isPartOf\":{\"@id\":\"https:\\\/\\\/shop.mitipi.com\\\/#website\"},\"primaryImageOfPage\":{\"@id\":\"https:\\\/\\\/shop.mitipi.com\\\/fr\\\/produit\\\/kevin-un-systeme-contres-les-cambriolages\\\/#primaryimage\"},\"image\":{\"@id\":\"https:\\\/\\\/shop.mitipi.com\\\/fr\\\/produit\\\/kevin-un-systeme-contres-les-cambriolages\\\/#primaryimage\"},\"thumbnailUrl\":\"https:\\\/\\\/shop.mitipi.com\\\/wp-content\\\/uploads\\\/2020\\\/09\\\/DSC_0297-scaled.jpg\",\"datePublished\":\"2020-03-08T14:14:46+00:00\",\"dateModified\":\"2024-09-30T09:00:04+00:00\",\"description\":\"Kevin.2 refurbished est le syst\u00e8me anti-cambriolage qui vous permettra de rester en s\u00e9curit\u00e9, 24 h sur 24. Kevin prot\u00e9gera vous et votre maison!\",\"breadcrumb\":{\"@id\":\"https:\\\/\\\/shop.mitipi.com\\\/fr\\\/produit\\\/kevin-un-systeme-contres-les-cambriolages\\\/#breadcrumb\"},\"inLanguage\":\"fr-FR\",\"potentialAction\":[{\"@type\":\"ReadAction\",\"target\":[\"https:\\\/\\\/shop.mitipi.com\\\/fr\\\/produit\\\/kevin-un-systeme-contres-les-cambriolages\\\/\"]}]},{\"@type\":\"ImageObject\",\"inLanguage\":\"fr-FR\",\"@id\":\"https:\\\/\\\/shop.mitipi.com\\\/fr\\\/produit\\\/kevin-un-systeme-contres-les-cambriolages\\\/#primaryimage\",\"url\":\"https:\\\/\\\/shop.mitipi.com\\\/wp-content\\\/uploads\\\/2020\\\/09\\\/DSC_0297-scaled.jpg\",\"contentUrl\":\"https:\\\/\\\/shop.mitipi.com\\\/wp-content\\\/uploads\\\/2020\\\/09\\\/DSC_0297-scaled.jpg\",\"width\":2560,\"height\":1707,\"caption\":\"Einbruchspr\u00e4vention, Sicherheitstechnik, Einbruchsschutz, Heimsicherheit, Sicherheitstechnik, Haussicherheit\"},{\"@type\":\"BreadcrumbList\",\"@id\":\"https:\\\/\\\/shop.mitipi.com\\\/fr\\\/produit\\\/kevin-un-systeme-contres-les-cambriolages\\\/#breadcrumb\",\"itemListElement\":[{\"@type\":\"ListItem\",\"position\":1,\"name\":\"Home\",\"item\":\"https:\\\/\\\/shop.mitipi.com\\\/fr\\\/\"},{\"@type\":\"ListItem\",\"position\":2,\"name\":\"Boutique\",\"item\":\"https:\\\/\\\/shop.mitipi.com\\\/fr\\\/boutique\\\/\"},{\"@type\":\"ListItem\",\"position\":3,\"name\":\"KEVIN\u00ae.2 refurbished &#8211; remis \u00e0 neuf\"}]},{\"@type\":\"WebSite\",\"@id\":\"https:\\\/\\\/shop.mitipi.com\\\/#website\",\"url\":\"https:\\\/\\\/shop.mitipi.com\\\/\",\"name\":\"Mitipi\",\"description\":\"Mitipi keeps you safe\",\"publisher\":{\"@id\":\"https:\\\/\\\/shop.mitipi.com\\\/#organization\"},\"potentialAction\":[{\"@type\":\"SearchAction\",\"target\":{\"@type\":\"EntryPoint\",\"urlTemplate\":\"https:\\\/\\\/shop.mitipi.com\\\/?s={search_term_string}\"},\"query-input\":{\"@type\":\"PropertyValueSpecification\",\"valueRequired\":true,\"valueName\":\"search_term_string\"}}],\"inLanguage\":\"fr-FR\"},{\"@type\":\"Organization\",\"@id\":\"https:\\\/\\\/shop.mitipi.com\\\/#organization\",\"name\":\"Mitipi\",\"url\":\"https:\\\/\\\/shop.mitipi.com\\\/\",\"logo\":{\"@type\":\"ImageObject\",\"inLanguage\":\"fr-FR\",\"@id\":\"https:\\\/\\\/shop.mitipi.com\\\/#\\\/schema\\\/logo\\\/image\\\/\",\"url\":\"https:\\\/\\\/shop.mitipi.com\\\/wp-content\\\/uploads\\\/2020\\\/03\\\/logo-blue-cut.png\",\"contentUrl\":\"https:\\\/\\\/shop.mitipi.com\\\/wp-content\\\/uploads\\\/2020\\\/03\\\/logo-blue-cut.png\",\"width\":440,\"height\":121,\"caption\":\"Mitipi\"},\"image\":{\"@id\":\"https:\\\/\\\/shop.mitipi.com\\\/#\\\/schema\\\/logo\\\/image\\\/\"},\"sameAs\":[\"https:\\\/\\\/www.facebook.com\\\/mitipi.living\\\/\",\"https:\\\/\\\/www.linkedin.com\\\/company\\\/mitipi\",\"https:\\\/\\\/www.youtube.com\\\/channel\\\/UCtspkxdCXhCaggGl3LmJv6w\\\/featured\"]}]}<\/script>\n<!-- \/ Yoast SEO plugin. -->","yoast_head_json":{"title":"KEVIN\u00ae.2 refurbished - remis \u00e0 neuf | de Mitipi","description":"Kevin.2 refurbished est le syst\u00e8me anti-cambriolage qui vous permettra de rester en s\u00e9curit\u00e9, 24 h sur 24. Kevin prot\u00e9gera vous et votre maison!","robots":{"index":"index","follow":"follow","max-snippet":"max-snippet:-1","max-image-preview":"max-image-preview:large","max-video-preview":"max-video-preview:-1"},"canonical":"https:\/\/shop.mitipi.com\/fr\/produit\/kevin-un-systeme-contres-les-cambriolages\/","og_locale":"fr_FR","og_type":"article","og_title":"KEVIN\u00ae.2 refurbished - remis \u00e0 neuf | de Mitipi","og_description":"Kevin.2 refurbished est le syst\u00e8me anti-cambriolage qui vous permettra de rester en s\u00e9curit\u00e9, 24 h sur 24. Kevin prot\u00e9gera vous et votre maison!","og_url":"https:\/\/shop.mitipi.com\/fr\/produit\/kevin-un-systeme-contres-les-cambriolages\/","og_site_name":"Mitipi","article_publisher":"https:\/\/www.facebook.com\/mitipi.living\/","article_modified_time":"2024-09-30T09:00:04+00:00","og_image":[{"width":2560,"height":1707,"url":"https:\/\/shop.mitipi.com\/wp-content\/uploads\/2020\/09\/DSC_0297-scaled.jpg","type":"image\/jpeg"}],"twitter_card":"summary_large_image","twitter_misc":{"Dur\u00e9e de lecture estim\u00e9e":"1 minute"},"schema":{"@context":"https:\/\/schema.org","@graph":[{"@type":"WebPage","@id":"https:\/\/shop.mitipi.com\/fr\/produit\/kevin-un-systeme-contres-les-cambriolages\/","url":"https:\/\/shop.mitipi.com\/fr\/produit\/kevin-un-systeme-contres-les-cambriolages\/","name":"KEVIN\u00ae.2 refurbished - remis \u00e0 neuf | de Mitipi","isPartOf":{"@id":"https:\/\/shop.mitipi.com\/#website"},"primaryImageOfPage":{"@id":"https:\/\/shop.mitipi.com\/fr\/produit\/kevin-un-systeme-contres-les-cambriolages\/#primaryimage"},"image":{"@id":"https:\/\/shop.mitipi.com\/fr\/produit\/kevin-un-systeme-contres-les-cambriolages\/#primaryimage"},"thumbnailUrl":"https:\/\/shop.mitipi.com\/wp-content\/uploads\/2020\/09\/DSC_0297-scaled.jpg","datePublished":"2020-03-08T14:14:46+00:00","dateModified":"2024-09-30T09:00:04+00:00","description":"Kevin.2 refurbished est le syst\u00e8me anti-cambriolage qui vous permettra de rester en s\u00e9curit\u00e9, 24 h sur 24. Kevin prot\u00e9gera vous et votre maison!","breadcrumb":{"@id":"https:\/\/shop.mitipi.com\/fr\/produit\/kevin-un-systeme-contres-les-cambriolages\/#breadcrumb"},"inLanguage":"fr-FR","potentialAction":[{"@type":"ReadAction","target":["https:\/\/shop.mitipi.com\/fr\/produit\/kevin-un-systeme-contres-les-cambriolages\/"]}]},{"@type":"ImageObject","inLanguage":"fr-FR","@id":"https:\/\/shop.mitipi.com\/fr\/produit\/kevin-un-systeme-contres-les-cambriolages\/#primaryimage","url":"https:\/\/shop.mitipi.com\/wp-content\/uploads\/2020\/09\/DSC_0297-scaled.jpg","contentUrl":"https:\/\/shop.mitipi.com\/wp-content\/uploads\/2020\/09\/DSC_0297-scaled.jpg","width":2560,"height":1707,"caption":"Einbruchspr\u00e4vention, Sicherheitstechnik, Einbruchsschutz, Heimsicherheit, Sicherheitstechnik, Haussicherheit"},{"@type":"BreadcrumbList","@id":"https:\/\/shop.mitipi.com\/fr\/produit\/kevin-un-systeme-contres-les-cambriolages\/#breadcrumb","itemListElement":[{"@type":"ListItem","position":1,"name":"Home","item":"https:\/\/shop.mitipi.com\/fr\/"},{"@type":"ListItem","position":2,"name":"Boutique","item":"https:\/\/shop.mitipi.com\/fr\/boutique\/"},{"@type":"ListItem","position":3,"name":"KEVIN\u00ae.2 refurbished &#8211; remis \u00e0 neuf"}]},{"@type":"WebSite","@id":"https:\/\/shop.mitipi.com\/#website","url":"https:\/\/shop.mitipi.com\/","name":"Mitipi","description":"Mitipi keeps you safe","publisher":{"@id":"https:\/\/shop.mitipi.com\/#organization"},"potentialAction":[{"@type":"SearchAction","target":{"@type":"EntryPoint","urlTemplate":"https:\/\/shop.mitipi.com\/?s={search_term_string}"},"query-input":{"@type":"PropertyValueSpecification","valueRequired":true,"valueName":"search_term_string"}}],"inLanguage":"fr-FR"},{"@type":"Organization","@id":"https:\/\/shop.mitipi.com\/#organization","name":"Mitipi","url":"https:\/\/shop.mitipi.com\/","logo":{"@type":"ImageObject","inLanguage":"fr-FR","@id":"https:\/\/shop.mitipi.com\/#\/schema\/logo\/image\/","url":"https:\/\/shop.mitipi.com\/wp-content\/uploads\/2020\/03\/logo-blue-cut.png","contentUrl":"https:\/\/shop.mitipi.com\/wp-content\/uploads\/2020\/03\/logo-blue-cut.png","width":440,"height":121,"caption":"Mitipi"},"image":{"@id":"https:\/\/shop.mitipi.com\/#\/schema\/logo\/image\/"},"sameAs":["https:\/\/www.facebook.com\/mitipi.living\/","https:\/\/www.linkedin.com\/company\/mitipi","https:\/\/www.youtube.com\/channel\/UCtspkxdCXhCaggGl3LmJv6w\/featured"]}]}},"_links":{"self":[{"href":"https:\/\/shop.mitipi.com\/fr\/wp-json\/wp\/v2\/product\/4505","targetHints":{"allow":["GET"]}}],"collection":[{"href":"https:\/\/shop.mitipi.com\/fr\/wp-json\/wp\/v2\/product"}],"about":[{"href":"https:\/\/shop.mitipi.com\/fr\/wp-json\/wp\/v2\/types\/product"}],"wp:featuredmedia":[{"embeddable":true,"href":"https:\/\/shop.mitipi.com\/fr\/wp-json\/wp\/v2\/media\/5023"}],"wp:attachment":[{"href":"https:\/\/shop.mitipi.com\/fr\/wp-json\/wp\/v2\/media?parent=4505"}],"wp:term":[{"taxonomy":"product_brand","embeddable":true,"href":"https:\/\/shop.mitipi.com\/fr\/wp-json\/wp\/v2\/product_brand?post=4505"},{"taxonomy":"product_cat","embeddable":true,"href":"https:\/\/shop.mitipi.com\/fr\/wp-json\/wp\/v2\/product_cat?post=4505"},{"taxonomy":"product_tag","embeddable":true,"href":"https:\/\/shop.mitipi.com\/fr\/wp-json\/wp\/v2\/product_tag?post=4505"}],"curies":[{"name":"wp","href":"https:\/\/api.w.org\/{rel}","templated":true}]}}