{"id":10912,"date":"2024-07-08T10:45:32","date_gmt":"2022-12-14T13:09:48","guid":{"rendered":"https:\/\/1u49tbaode.preview.infomaniak.website\/?post_type=product&#038;p=10912"},"modified":"2022-12-14T13:09:49","modified_gmt":"2022-12-14T13:09:49","slug":"kevin-3-couverture-frontale-bleu","status":"publish","type":"product","link":"https:\/\/shop.mitipi.com\/fr\/produit\/kevin-3-couverture-frontale-bleu\/","title":{"rendered":"KEVIN\u00ae.3 &#8211; COUVERTURE FRONTALE (Bleu)"},"content":{"rendered":"","protected":false},"excerpt":{"rendered":"<ul>\n<li>Changez la couleur de votre KEVIN\u00ae en 2 secondes<\/li>\n<li>Cinq couleurs disponibles : blanc, rouge, gris, brun et bleu.<\/li>\n<li>La couverture frontale est en mat\u00e9riau m\u00e9tallique et est \u00e9quip\u00e9e d&#8217;inserts magn\u00e9tiques qui vous permettent de changer la couverture tr\u00e8s rapidement et facilement..<\/li>\n<li>Le mat\u00e9riau de la couverture frontale, dans toutes les nuances, est une combinaison de tissus hautement raffin\u00e9s et d&#8217;un bo\u00eetier m\u00e9tallique solide et structurant qui se fixe \u00e0 l&#8217;appareil principal.<\/li>\n<li>N&#8217;oubliez pas d&#8217;obtenir votre paquet KEVIN\u00ae.3, la couverture avant fait partie de notre dispositif !<\/li>\n<li>Livraison gratuite<\/li>\n<\/ul>\n","protected":false},"featured_media":10480,"template":"","meta":{"content-type":""},"product_brand":[],"product_cat":[63],"product_tag":[],"class_list":{"0":"post-10912","1":"product","2":"type-product","3":"status-publish","4":"has-post-thumbnail","6":"product_cat-goodies-fr","8":"first","9":"instock","10":"taxable","11":"shipping-taxable","12":"purchasable","13":"product-type-simple"},"yoast_head":"<!-- This site is optimized with the Yoast SEO plugin v27.3 - https:\/\/yoast.com\/product\/yoast-seo-wordpress\/ -->\n<title>KEVIN\u00ae.3 - COUVERTURE FRONTALE (Bleu) | Mitipi<\/title>\n<meta name=\"description\" content=\"Einbruchschutz: Pr\u00e4ventiver Schutz gegen Einbrecher f\u00fcr DICH und DEIN ZUHAUSE, rund um die UHR\" \/>\n<meta name=\"robots\" content=\"index, follow, max-snippet:-1, max-image-preview:large, max-video-preview:-1\" \/>\n<link rel=\"canonical\" href=\"https:\/\/shop.mitipi.com\/fr\/produit\/kevin-3-couverture-frontale-bleu\/\" \/>\n<meta property=\"og:locale\" content=\"fr_FR\" \/>\n<meta property=\"og:type\" content=\"article\" \/>\n<meta property=\"og:title\" content=\"KEVIN\u00ae.3 - COUVERTURE FRONTALE (Bleu) | Mitipi\" \/>\n<meta property=\"og:description\" content=\"Einbruchschutz: Pr\u00e4ventiver Schutz gegen Einbrecher f\u00fcr DICH und DEIN ZUHAUSE, rund um die UHR\" \/>\n<meta property=\"og:url\" content=\"https:\/\/shop.mitipi.com\/fr\/produit\/kevin-3-couverture-frontale-bleu\/\" \/>\n<meta property=\"og:site_name\" content=\"Mitipi\" \/>\n<meta property=\"article:publisher\" content=\"https:\/\/www.facebook.com\/mitipi.living\/\" \/>\n<meta property=\"article:modified_time\" content=\"2022-12-14T13:09:49+00:00\" \/>\n<meta property=\"og:image\" content=\"https:\/\/shop.mitipi.com\/wp-content\/uploads\/2022\/12\/Kevin-blue1.png\" \/>\n\t<meta property=\"og:image:width\" content=\"1024\" \/>\n\t<meta property=\"og:image:height\" content=\"544\" \/>\n\t<meta property=\"og:image:type\" content=\"image\/png\" \/>\n<meta name=\"twitter:card\" content=\"summary_large_image\" \/>\n<script type=\"application\/ld+json\" class=\"yoast-schema-graph\">{\"@context\":\"https:\\\/\\\/schema.org\",\"@graph\":[{\"@type\":\"WebPage\",\"@id\":\"https:\\\/\\\/shop.mitipi.com\\\/fr\\\/produit\\\/kevin-3-couverture-frontale-bleu\\\/\",\"url\":\"https:\\\/\\\/shop.mitipi.com\\\/fr\\\/produit\\\/kevin-3-couverture-frontale-bleu\\\/\",\"name\":\"KEVIN\u00ae.3 - COUVERTURE FRONTALE (Bleu) | Mitipi\",\"isPartOf\":{\"@id\":\"https:\\\/\\\/shop.mitipi.com\\\/#website\"},\"primaryImageOfPage\":{\"@id\":\"https:\\\/\\\/shop.mitipi.com\\\/fr\\\/produit\\\/kevin-3-couverture-frontale-bleu\\\/#primaryimage\"},\"image\":{\"@id\":\"https:\\\/\\\/shop.mitipi.com\\\/fr\\\/produit\\\/kevin-3-couverture-frontale-bleu\\\/#primaryimage\"},\"thumbnailUrl\":\"https:\\\/\\\/shop.mitipi.com\\\/wp-content\\\/uploads\\\/2022\\\/12\\\/Kevin-blue1.png\",\"datePublished\":\"2022-12-14T13:09:48+00:00\",\"dateModified\":\"2022-12-14T13:09:49+00:00\",\"description\":\"Einbruchschutz: Pr\u00e4ventiver Schutz gegen Einbrecher f\u00fcr DICH und DEIN ZUHAUSE, rund um die UHR\",\"breadcrumb\":{\"@id\":\"https:\\\/\\\/shop.mitipi.com\\\/fr\\\/produit\\\/kevin-3-couverture-frontale-bleu\\\/#breadcrumb\"},\"inLanguage\":\"fr-FR\",\"potentialAction\":[{\"@type\":\"ReadAction\",\"target\":[\"https:\\\/\\\/shop.mitipi.com\\\/fr\\\/produit\\\/kevin-3-couverture-frontale-bleu\\\/\"]}]},{\"@type\":\"ImageObject\",\"inLanguage\":\"fr-FR\",\"@id\":\"https:\\\/\\\/shop.mitipi.com\\\/fr\\\/produit\\\/kevin-3-couverture-frontale-bleu\\\/#primaryimage\",\"url\":\"https:\\\/\\\/shop.mitipi.com\\\/wp-content\\\/uploads\\\/2022\\\/12\\\/Kevin-blue1.png\",\"contentUrl\":\"https:\\\/\\\/shop.mitipi.com\\\/wp-content\\\/uploads\\\/2022\\\/12\\\/Kevin-blue1.png\",\"width\":1024,\"height\":544},{\"@type\":\"BreadcrumbList\",\"@id\":\"https:\\\/\\\/shop.mitipi.com\\\/fr\\\/produit\\\/kevin-3-couverture-frontale-bleu\\\/#breadcrumb\",\"itemListElement\":[{\"@type\":\"ListItem\",\"position\":1,\"name\":\"Home\",\"item\":\"https:\\\/\\\/shop.mitipi.com\\\/fr\\\/\"},{\"@type\":\"ListItem\",\"position\":2,\"name\":\"Boutique\",\"item\":\"https:\\\/\\\/shop.mitipi.com\\\/fr\\\/boutique\\\/\"},{\"@type\":\"ListItem\",\"position\":3,\"name\":\"KEVIN\u00ae.3 &#8211; COUVERTURE FRONTALE (Bleu)\"}]},{\"@type\":\"WebSite\",\"@id\":\"https:\\\/\\\/shop.mitipi.com\\\/#website\",\"url\":\"https:\\\/\\\/shop.mitipi.com\\\/\",\"name\":\"Mitipi\",\"description\":\"Mitipi keeps you safe\",\"publisher\":{\"@id\":\"https:\\\/\\\/shop.mitipi.com\\\/#organization\"},\"potentialAction\":[{\"@type\":\"SearchAction\",\"target\":{\"@type\":\"EntryPoint\",\"urlTemplate\":\"https:\\\/\\\/shop.mitipi.com\\\/?s={search_term_string}\"},\"query-input\":{\"@type\":\"PropertyValueSpecification\",\"valueRequired\":true,\"valueName\":\"search_term_string\"}}],\"inLanguage\":\"fr-FR\"},{\"@type\":\"Organization\",\"@id\":\"https:\\\/\\\/shop.mitipi.com\\\/#organization\",\"name\":\"Mitipi\",\"url\":\"https:\\\/\\\/shop.mitipi.com\\\/\",\"logo\":{\"@type\":\"ImageObject\",\"inLanguage\":\"fr-FR\",\"@id\":\"https:\\\/\\\/shop.mitipi.com\\\/#\\\/schema\\\/logo\\\/image\\\/\",\"url\":\"https:\\\/\\\/shop.mitipi.com\\\/wp-content\\\/uploads\\\/2020\\\/03\\\/logo-blue-cut.png\",\"contentUrl\":\"https:\\\/\\\/shop.mitipi.com\\\/wp-content\\\/uploads\\\/2020\\\/03\\\/logo-blue-cut.png\",\"width\":440,\"height\":121,\"caption\":\"Mitipi\"},\"image\":{\"@id\":\"https:\\\/\\\/shop.mitipi.com\\\/#\\\/schema\\\/logo\\\/image\\\/\"},\"sameAs\":[\"https:\\\/\\\/www.facebook.com\\\/mitipi.living\\\/\",\"https:\\\/\\\/www.linkedin.com\\\/company\\\/mitipi\",\"https:\\\/\\\/www.youtube.com\\\/channel\\\/UCtspkxdCXhCaggGl3LmJv6w\\\/featured\"]}]}<\/script>\n<!-- \/ Yoast SEO plugin. -->","yoast_head_json":{"title":"KEVIN\u00ae.3 - COUVERTURE FRONTALE (Bleu) | Mitipi","description":"Einbruchschutz: Pr\u00e4ventiver Schutz gegen Einbrecher f\u00fcr DICH und DEIN ZUHAUSE, rund um die UHR","robots":{"index":"index","follow":"follow","max-snippet":"max-snippet:-1","max-image-preview":"max-image-preview:large","max-video-preview":"max-video-preview:-1"},"canonical":"https:\/\/shop.mitipi.com\/fr\/produit\/kevin-3-couverture-frontale-bleu\/","og_locale":"fr_FR","og_type":"article","og_title":"KEVIN\u00ae.3 - COUVERTURE FRONTALE (Bleu) | Mitipi","og_description":"Einbruchschutz: Pr\u00e4ventiver Schutz gegen Einbrecher f\u00fcr DICH und DEIN ZUHAUSE, rund um die UHR","og_url":"https:\/\/shop.mitipi.com\/fr\/produit\/kevin-3-couverture-frontale-bleu\/","og_site_name":"Mitipi","article_publisher":"https:\/\/www.facebook.com\/mitipi.living\/","article_modified_time":"2022-12-14T13:09:49+00:00","og_image":[{"width":1024,"height":544,"url":"https:\/\/shop.mitipi.com\/wp-content\/uploads\/2022\/12\/Kevin-blue1.png","type":"image\/png"}],"twitter_card":"summary_large_image","schema":{"@context":"https:\/\/schema.org","@graph":[{"@type":"WebPage","@id":"https:\/\/shop.mitipi.com\/fr\/produit\/kevin-3-couverture-frontale-bleu\/","url":"https:\/\/shop.mitipi.com\/fr\/produit\/kevin-3-couverture-frontale-bleu\/","name":"KEVIN\u00ae.3 - COUVERTURE FRONTALE (Bleu) | Mitipi","isPartOf":{"@id":"https:\/\/shop.mitipi.com\/#website"},"primaryImageOfPage":{"@id":"https:\/\/shop.mitipi.com\/fr\/produit\/kevin-3-couverture-frontale-bleu\/#primaryimage"},"image":{"@id":"https:\/\/shop.mitipi.com\/fr\/produit\/kevin-3-couverture-frontale-bleu\/#primaryimage"},"thumbnailUrl":"https:\/\/shop.mitipi.com\/wp-content\/uploads\/2022\/12\/Kevin-blue1.png","datePublished":"2022-12-14T13:09:48+00:00","dateModified":"2022-12-14T13:09:49+00:00","description":"Einbruchschutz: Pr\u00e4ventiver Schutz gegen Einbrecher f\u00fcr DICH und DEIN ZUHAUSE, rund um die UHR","breadcrumb":{"@id":"https:\/\/shop.mitipi.com\/fr\/produit\/kevin-3-couverture-frontale-bleu\/#breadcrumb"},"inLanguage":"fr-FR","potentialAction":[{"@type":"ReadAction","target":["https:\/\/shop.mitipi.com\/fr\/produit\/kevin-3-couverture-frontale-bleu\/"]}]},{"@type":"ImageObject","inLanguage":"fr-FR","@id":"https:\/\/shop.mitipi.com\/fr\/produit\/kevin-3-couverture-frontale-bleu\/#primaryimage","url":"https:\/\/shop.mitipi.com\/wp-content\/uploads\/2022\/12\/Kevin-blue1.png","contentUrl":"https:\/\/shop.mitipi.com\/wp-content\/uploads\/2022\/12\/Kevin-blue1.png","width":1024,"height":544},{"@type":"BreadcrumbList","@id":"https:\/\/shop.mitipi.com\/fr\/produit\/kevin-3-couverture-frontale-bleu\/#breadcrumb","itemListElement":[{"@type":"ListItem","position":1,"name":"Home","item":"https:\/\/shop.mitipi.com\/fr\/"},{"@type":"ListItem","position":2,"name":"Boutique","item":"https:\/\/shop.mitipi.com\/fr\/boutique\/"},{"@type":"ListItem","position":3,"name":"KEVIN\u00ae.3 &#8211; COUVERTURE FRONTALE (Bleu)"}]},{"@type":"WebSite","@id":"https:\/\/shop.mitipi.com\/#website","url":"https:\/\/shop.mitipi.com\/","name":"Mitipi","description":"Mitipi keeps you safe","publisher":{"@id":"https:\/\/shop.mitipi.com\/#organization"},"potentialAction":[{"@type":"SearchAction","target":{"@type":"EntryPoint","urlTemplate":"https:\/\/shop.mitipi.com\/?s={search_term_string}"},"query-input":{"@type":"PropertyValueSpecification","valueRequired":true,"valueName":"search_term_string"}}],"inLanguage":"fr-FR"},{"@type":"Organization","@id":"https:\/\/shop.mitipi.com\/#organization","name":"Mitipi","url":"https:\/\/shop.mitipi.com\/","logo":{"@type":"ImageObject","inLanguage":"fr-FR","@id":"https:\/\/shop.mitipi.com\/#\/schema\/logo\/image\/","url":"https:\/\/shop.mitipi.com\/wp-content\/uploads\/2020\/03\/logo-blue-cut.png","contentUrl":"https:\/\/shop.mitipi.com\/wp-content\/uploads\/2020\/03\/logo-blue-cut.png","width":440,"height":121,"caption":"Mitipi"},"image":{"@id":"https:\/\/shop.mitipi.com\/#\/schema\/logo\/image\/"},"sameAs":["https:\/\/www.facebook.com\/mitipi.living\/","https:\/\/www.linkedin.com\/company\/mitipi","https:\/\/www.youtube.com\/channel\/UCtspkxdCXhCaggGl3LmJv6w\/featured"]}]}},"_links":{"self":[{"href":"https:\/\/shop.mitipi.com\/fr\/wp-json\/wp\/v2\/product\/10912","targetHints":{"allow":["GET"]}}],"collection":[{"href":"https:\/\/shop.mitipi.com\/fr\/wp-json\/wp\/v2\/product"}],"about":[{"href":"https:\/\/shop.mitipi.com\/fr\/wp-json\/wp\/v2\/types\/product"}],"wp:featuredmedia":[{"embeddable":true,"href":"https:\/\/shop.mitipi.com\/fr\/wp-json\/wp\/v2\/media\/10480"}],"wp:attachment":[{"href":"https:\/\/shop.mitipi.com\/fr\/wp-json\/wp\/v2\/media?parent=10912"}],"wp:term":[{"taxonomy":"product_brand","embeddable":true,"href":"https:\/\/shop.mitipi.com\/fr\/wp-json\/wp\/v2\/product_brand?post=10912"},{"taxonomy":"product_cat","embeddable":true,"href":"https:\/\/shop.mitipi.com\/fr\/wp-json\/wp\/v2\/product_cat?post=10912"},{"taxonomy":"product_tag","embeddable":true,"href":"https:\/\/shop.mitipi.com\/fr\/wp-json\/wp\/v2\/product_tag?post=10912"}],"curies":[{"name":"wp","href":"https:\/\/api.w.org\/{rel}","templated":true}]}}