{"id":12149,"date":"2025-05-01T10:09:16","date_gmt":"2023-01-18T10:09:16","guid":{"rendered":"https:\/\/shop.mitipi.com\/?post_type=product&#038;p=12149"},"modified":"2025-04-01T19:58:26","modified_gmt":"2025-04-01T19:58:26","slug":"sicherheitssystem-fuer-geschaefte","status":"publish","type":"product","link":"https:\/\/shop.mitipi.com\/de\/produkt\/sicherheitssystem-fuer-geschaefte\/","title":{"rendered":"KEVIN<sup>\u00ae<\/sup>.3 Business Sicherheitsabo"},"content":{"rendered":"<ul>\n<li><b>Drei KEVIN\u00ae.3 sind in Ihrem Business-Sicherheits-Abonnement inbegriffen<\/b>. Die drei KEVIN\u00ae &#8211; gut verteilt &#8211; schrecken Einbrecher ab, indem sie Anwesenheiten von Menschen simulieren, zum Beispiel <b>im Lager, im Gesch\u00e4ft und\/oder im B\u00fcro<\/b>.<br \/>\nDenn wer kennt das nicht: Man hat noch B\u00fcroarbeiten zu erledigen bis sp\u00e4t in die Nacht? Dann kann man sich einen von zum Beispiel zwei bis drei Rundg\u00e4ngen einer \u00dcberwachungsfirma sparen. <strong>Die KEVIN\u00aes reduzieren damit Kosten und erh\u00f6hen die Qualit\u00e4t der Sicherheit.<\/strong>.<\/li>\n<li>Erhalten Sie immer die aktuellsten Updates und neue Funktionen auf der Mitipi-Kevin Sicherheits-App.<\/li>\n<li>Profitieren Sie von Ihrem pers\u00f6nlichen Service-Ansprechpartner bei Mitipi f\u00fcr Ihre Bed\u00fcrfnisse.<\/li>\n<li><strong>Lebenslange Garantie<\/strong>, solange das Abo l\u00e4uft, mind. 2 Jahre.<\/li>\n<li>Sie haben das Recht, das Abonnement jederzeit zu k\u00fcndigen:<br \/>\nGeb\u00fchren f\u00fcr vorzeitige Beendigung pro Jahr: Jahr 1: CHF 1&#8217;050. Jahr 2: CHF 700.<\/li>\n<\/ul>\n<p>&nbsp;<\/p>\n<div style=\"width: 640px;\" class=\"wp-video\"><video class=\"wp-video-shortcode\" id=\"video-12149-1\" width=\"640\" height=\"360\" preload=\"metadata\" controls=\"controls\"><source type=\"video\/mp4\" src=\"https:\/\/shop.mitipi.com\/wp-content\/uploads\/2024\/01\/KEVIN-Swiss-The-worlds-easiest-and-most-effective-burglary-prevention-device1.mp4?_=1\" \/><a href=\"https:\/\/shop.mitipi.com\/wp-content\/uploads\/2024\/01\/KEVIN-Swiss-The-worlds-easiest-and-most-effective-burglary-prevention-device1.mp4\">https:\/\/shop.mitipi.com\/wp-content\/uploads\/2024\/01\/KEVIN-Swiss-The-worlds-easiest-and-most-effective-burglary-prevention-device1.mp4<\/a><\/video><\/div>\n<p>&nbsp;<\/p>\n<h4>Ihr B\u00fcro, Lager, Warenhaus &#8211; nie allein. Entdecken Sie die dritte Generation von virtuellen Mitarbeitenden gegen Einbrecher. Dank neuester Technologie und KI halten wir Ihre Privatsph\u00e4re und Sicherheit auf h\u00f6chstem Niveau.<\/h4>\n<p>&nbsp;<\/p>\n<h5><strong>Neu: Profitieren Sie von den neuen Personalisierungsfunktionen<\/strong><\/h5>\n<ul>\n<li>Mit KEVIN\u00ae.3 k\u00f6nnen Sie Ihre Farbe w\u00e4hlen und die Lautsprecherabdeckung im Handumdrehen \u00e4ndern<\/li>\n<li>Reichhaltige Farbpalette: Ozean-Blau, Wald-Braun, Vulkan-Rot, Schnee-Weiss<\/li>\n<li>Hochwertiges Design und Materialien<\/li>\n<li>Mehr Speicherplatz: Die zuf\u00e4llige Anwesenheitssimulation variiert und h\u00e4lt mehr als 4 Wochen an!<\/li>\n<\/ul>\n<hr \/>\n<h4><\/h4>\n<h5><strong> Neu: Profitieren Sie von 4x mehr Speicherplatz f\u00fcr Ihre personalisierten Simulationen<\/strong><\/h5>\n<ul>\n<li>Sie k\u00f6nnen jetzt ganze Filme oder lange Abende \u00fcber die Mitipi-KEVIN-App aufzeichnen und \u00fcber KEVIN\u00ae.3 wiedergeben (im Vergleich zu nur kurzen Sequenzen mit dem fr\u00fcheren Modell KEVIN\u00ae.2).<\/li>\n<li>Insgesamt sind mehr als 4 Wochen Simulationen ohne Wiederholungen m\u00f6glich (im Vergleich zu nur 1 Woche mit dem Vorg\u00e4ngermodell KEVIN\u00ae.2).<\/li>\n<\/ul>\n<hr \/>\n<h4><\/h4>\n<h5><strong> Verbessert: Ihre virtuellen Mitarbeitenden gegen Einbrecher mit bewegten Schatten und mehr<\/strong><\/h5>\n<ul>\n<li>Simuliert Ihre Pr\u00e4senz, wenn niemand im B\u00fcro \/ Lagerhaus oder Shop ist, und schreckt Einbrecher ab<\/li>\n<li>Realistische Lichteffekte und Ger\u00e4usche<\/li>\n<li>PATENTIERTE WELTNEUHEIT: Bewegte Personensilhouetten mit Schatteneffekten, die Ihre Pr\u00e4senz simulieren<\/li>\n<li>Personalisieren Sie Ihre KEVIN\u00aes mit der Mitipi-Kevin-App. Erstellen Sie Ihr Profil<\/li>\n<li>Nehmen Sie Ihre eigenen Ger\u00e4usche mit der Mitipi-Kevin-App auf und entscheiden Sie, wann KEVIN\u00ae sie simulieren soll<\/li>\n<li>Steuern Sie KEVIN\u00ae per Smartphone oder komplett offline direkt an den Ger\u00e4ten.<\/li>\n<\/ul>\n<hr \/>\n<h4><\/h4>\n<h5><strong> Verbessert: Ihr Lautsprecher und Ihre Lampe, wenn Sie zu Hause sind<\/strong><\/h5>\n<ul>\n<li>Verwenden Sie KEVIN\u00ae als Bluetooth-Lautsprecher und lassen Sie ihn Ihre Playlist oder Ihr Radio abspielen<\/li>\n<li>KEVIN\u00ae kann auch als Umgebungslicht verwendet werden<\/li>\n<li>Und es ist ein tolles DESIGN-St\u00fcck, das ein Blickfang f\u00fcr jeden ist, der Sie besucht.<\/li>\n<\/ul>\n<p>&nbsp;<\/p>\n<div style=\"width: 640px;\" class=\"wp-video\"><video class=\"wp-video-shortcode\" id=\"video-12149-2\" width=\"640\" height=\"360\" preload=\"metadata\" controls=\"controls\"><source type=\"video\/mp4\" src=\"https:\/\/shop-usa.mitipi.com\/wp-content\/uploads\/2023\/11\/KEVIN-360-LOOP-V2.mp4?_=2\" \/><a href=\"https:\/\/shop-usa.mitipi.com\/wp-content\/uploads\/2023\/11\/KEVIN-360-LOOP-V2.mp4\">https:\/\/shop-usa.mitipi.com\/wp-content\/uploads\/2023\/11\/KEVIN-360-LOOP-V2.mp4<\/a><\/video><\/div>\n<p>&nbsp;<\/p>\n<hr \/>\n<h4><\/h4>\n<h4><strong>Was beinhaltet die KEVIN\u00ae.3 Business-Sicherheits-Formel?<\/strong><\/h4>\n<ul>\n<li>3 Ger\u00e4te, in der Schweiz entwickelt<\/li>\n<li>70 Stunden voraufgezeichnete Simulation<\/li>\n<li>Frontabdeckung, die innerhalb einer Sekunde ausgetauscht werden kann (w\u00e4hlen Sie aus den separat angebotenen Frontabdeckungen)<\/li>\n<li>Bluetooth-Lautsprecher<\/li>\n<li>Lebenslange Produktgarantie (so lange das Abo l\u00e4uft, mind. 2 Jahre)<\/li>\n<li>Automatisches Geo-Fencing \u00fcber die Mitipi KEVIN\u00ae-App<\/li>\n<li>Planungstool<\/li>\n<li>Alle KEVIN\u00ae auf der gleichen App verwalten<\/li>\n<li>Personalisierung der Simulation mit einem einfachen Tool- Hochladen Ihrer Kl\u00e4nge und Ger\u00e4usche<\/li>\n<li>Aufzeichnung Ihrer Kl\u00e4nge und Ger\u00e4usche und Planung von Lichteffekten, Raumeffekten, Zeiteffekten<\/li>\n<li>Zuk\u00fcnftige Software-Updates- Pers\u00f6nliche Unterst\u00fctzung- Online-Sicherheitsberatung mit Tipps<\/li>\n<li>Sofort pers\u00f6nliche Serviceunterst\u00fctzung \u00fcber get@mitipi.com oder support@mitipi.com &amp; pers\u00f6nlicher Ansprechpartner.<\/li>\n<\/ul>\n<p>&nbsp;<\/p>\n<h4><strong>Technische Informationen<\/strong><\/h4>\n<ul>\n<li>Kann auch als Bluetooth-Lautsprecher und -Lampe verwendet werden<\/li>\n<li>Intelligente Energiesparfunktion dank Umgebungslichtsensor<\/li>\n<li>Schnittstellen: WLAN 2,4 GHz, Bluetooth (4.2 und BLE)<\/li>\n<\/ul>\n<p>&nbsp;<\/p>\n","protected":false},"excerpt":{"rendered":"<h4><strong>Was unser Sicherheitsprogramm beinhaltet:<\/strong><\/h4>\n<ul>\n<li>Drei KEVIN\u00ae.3<\/li>\n<li>Sicherheitskontrolle<\/li>\n<li>Regelm\u00e4ssige Updates auf der Mitipi-App<\/li>\n<li>Regelm\u00e4ssige Funktionserweiterungen<\/li>\n<li>Pers\u00f6nlicher Service<\/li>\n<li>Schweizer Technik und Know-how.<\/li>\n<\/ul>\n","protected":false},"featured_media":13594,"template":"","meta":{"content-type":""},"product_brand":[],"product_cat":[59],"product_tag":[],"class_list":{"0":"post-12149","1":"product","2":"type-product","3":"status-publish","4":"has-post-thumbnail","6":"product_cat-kevin-de","7":"product_shipping_class-buy-kevin-de","9":"first","10":"instock","11":"sold-individually","12":"taxable","13":"shipping-taxable","14":"purchasable","15":"product-type-simple"},"yoast_head":"<!-- This site is optimized with the Yoast SEO plugin v27.3 - https:\/\/yoast.com\/product\/yoast-seo-wordpress\/ -->\n<title>KEVIN.Business Sicherheits-Abo | Sicherheit f\u00fcr Ihr B\u00fcro und Lager<\/title>\n<meta name=\"description\" content=\"Sicherheitsabo f\u00fcr Gesch\u00e4fte und KMU. F\u00fcr weniger als CHF 55.- pro Monat erhalten Sie drei KEVIN\u00ae.3, die Sie im Lager, B\u00fcro, Gesch\u00e4ft nutzen k\u00f6nnen. Damit erscheint der Eindruck, dass noch immer jemand am Arbeiten und anwesend ist.\" \/>\n<meta name=\"robots\" content=\"index, follow, max-snippet:-1, max-image-preview:large, max-video-preview:-1\" \/>\n<link rel=\"canonical\" href=\"https:\/\/shop.mitipi.com\/de\/produkt\/sicherheitssystem-fuer-geschaefte\/\" \/>\n<meta property=\"og:locale\" content=\"de_DE\" \/>\n<meta property=\"og:type\" content=\"article\" \/>\n<meta property=\"og:title\" content=\"KEVIN.Business Sicherheits-Abo | Sicherheit f\u00fcr Ihr B\u00fcro und Lager\" \/>\n<meta property=\"og:description\" content=\"Sicherheitsabo f\u00fcr Gesch\u00e4fte und KMU. F\u00fcr weniger als CHF 55.- pro Monat erhalten Sie drei KEVIN\u00ae.3, die Sie im Lager, B\u00fcro, Gesch\u00e4ft nutzen k\u00f6nnen. Damit erscheint der Eindruck, dass noch immer jemand am Arbeiten und anwesend ist.\" \/>\n<meta property=\"og:url\" content=\"https:\/\/shop.mitipi.com\/de\/produkt\/sicherheitssystem-fuer-geschaefte\/\" \/>\n<meta property=\"og:site_name\" content=\"Mitipi\" \/>\n<meta property=\"article:publisher\" content=\"https:\/\/www.facebook.com\/mitipi.living\/\" \/>\n<meta property=\"article:modified_time\" content=\"2025-04-01T19:58:26+00:00\" \/>\n<meta property=\"og:image\" content=\"https:\/\/shop.mitipi.com\/wp-content\/uploads\/2025\/04\/RENT-BUSINESS.png\" \/>\n\t<meta property=\"og:image:width\" content=\"450\" \/>\n\t<meta property=\"og:image:height\" content=\"449\" \/>\n\t<meta property=\"og:image:type\" content=\"image\/png\" \/>\n<meta name=\"twitter:card\" content=\"summary_large_image\" \/>\n<meta name=\"twitter:label1\" content=\"Gesch\u00e4tzte Lesezeit\" \/>\n\t<meta name=\"twitter:data1\" content=\"3\u00a0Minuten\" \/>\n<script type=\"application\/ld+json\" class=\"yoast-schema-graph\">{\"@context\":\"https:\\\/\\\/schema.org\",\"@graph\":[{\"@type\":\"WebPage\",\"@id\":\"https:\\\/\\\/shop.mitipi.com\\\/de\\\/produkt\\\/sicherheitssystem-fuer-geschaefte\\\/\",\"url\":\"https:\\\/\\\/shop.mitipi.com\\\/de\\\/produkt\\\/sicherheitssystem-fuer-geschaefte\\\/\",\"name\":\"KEVIN.Business Sicherheits-Abo | Sicherheit f\u00fcr Ihr B\u00fcro und Lager\",\"isPartOf\":{\"@id\":\"https:\\\/\\\/shop.mitipi.com\\\/#website\"},\"primaryImageOfPage\":{\"@id\":\"https:\\\/\\\/shop.mitipi.com\\\/de\\\/produkt\\\/sicherheitssystem-fuer-geschaefte\\\/#primaryimage\"},\"image\":{\"@id\":\"https:\\\/\\\/shop.mitipi.com\\\/de\\\/produkt\\\/sicherheitssystem-fuer-geschaefte\\\/#primaryimage\"},\"thumbnailUrl\":\"https:\\\/\\\/shop.mitipi.com\\\/wp-content\\\/uploads\\\/2025\\\/04\\\/RENT-BUSINESS.png\",\"datePublished\":\"2023-01-18T10:09:16+00:00\",\"dateModified\":\"2025-04-01T19:58:26+00:00\",\"description\":\"Sicherheitsabo f\u00fcr Gesch\u00e4fte und KMU. F\u00fcr weniger als CHF 55.- pro Monat erhalten Sie drei KEVIN\u00ae.3, die Sie im Lager, B\u00fcro, Gesch\u00e4ft nutzen k\u00f6nnen. Damit erscheint der Eindruck, dass noch immer jemand am Arbeiten und anwesend ist.\",\"breadcrumb\":{\"@id\":\"https:\\\/\\\/shop.mitipi.com\\\/de\\\/produkt\\\/sicherheitssystem-fuer-geschaefte\\\/#breadcrumb\"},\"inLanguage\":\"de\",\"potentialAction\":[{\"@type\":\"ReadAction\",\"target\":[\"https:\\\/\\\/shop.mitipi.com\\\/de\\\/produkt\\\/sicherheitssystem-fuer-geschaefte\\\/\"]}]},{\"@type\":\"ImageObject\",\"inLanguage\":\"de\",\"@id\":\"https:\\\/\\\/shop.mitipi.com\\\/de\\\/produkt\\\/sicherheitssystem-fuer-geschaefte\\\/#primaryimage\",\"url\":\"https:\\\/\\\/shop.mitipi.com\\\/wp-content\\\/uploads\\\/2025\\\/04\\\/RENT-BUSINESS.png\",\"contentUrl\":\"https:\\\/\\\/shop.mitipi.com\\\/wp-content\\\/uploads\\\/2025\\\/04\\\/RENT-BUSINESS.png\",\"width\":450,\"height\":449,\"caption\":\"RENT BUSINESS SECURITY SYSTEM\"},{\"@type\":\"BreadcrumbList\",\"@id\":\"https:\\\/\\\/shop.mitipi.com\\\/de\\\/produkt\\\/sicherheitssystem-fuer-geschaefte\\\/#breadcrumb\",\"itemListElement\":[{\"@type\":\"ListItem\",\"position\":1,\"name\":\"Home\",\"item\":\"https:\\\/\\\/shop.mitipi.com\\\/de\\\/\"},{\"@type\":\"ListItem\",\"position\":2,\"name\":\"Shop\",\"item\":\"https:\\\/\\\/shop.mitipi.com\\\/\"},{\"@type\":\"ListItem\",\"position\":3,\"name\":\"KEVIN\u00ae.3 Business Sicherheitsabo\"}]},{\"@type\":\"WebSite\",\"@id\":\"https:\\\/\\\/shop.mitipi.com\\\/#website\",\"url\":\"https:\\\/\\\/shop.mitipi.com\\\/\",\"name\":\"Mitipi\",\"description\":\"Mitipi keeps you safe\",\"publisher\":{\"@id\":\"https:\\\/\\\/shop.mitipi.com\\\/#organization\"},\"potentialAction\":[{\"@type\":\"SearchAction\",\"target\":{\"@type\":\"EntryPoint\",\"urlTemplate\":\"https:\\\/\\\/shop.mitipi.com\\\/?s={search_term_string}\"},\"query-input\":{\"@type\":\"PropertyValueSpecification\",\"valueRequired\":true,\"valueName\":\"search_term_string\"}}],\"inLanguage\":\"de\"},{\"@type\":\"Organization\",\"@id\":\"https:\\\/\\\/shop.mitipi.com\\\/#organization\",\"name\":\"Mitipi\",\"url\":\"https:\\\/\\\/shop.mitipi.com\\\/\",\"logo\":{\"@type\":\"ImageObject\",\"inLanguage\":\"de\",\"@id\":\"https:\\\/\\\/shop.mitipi.com\\\/#\\\/schema\\\/logo\\\/image\\\/\",\"url\":\"https:\\\/\\\/shop.mitipi.com\\\/wp-content\\\/uploads\\\/2020\\\/03\\\/logo-blue-cut.png\",\"contentUrl\":\"https:\\\/\\\/shop.mitipi.com\\\/wp-content\\\/uploads\\\/2020\\\/03\\\/logo-blue-cut.png\",\"width\":440,\"height\":121,\"caption\":\"Mitipi\"},\"image\":{\"@id\":\"https:\\\/\\\/shop.mitipi.com\\\/#\\\/schema\\\/logo\\\/image\\\/\"},\"sameAs\":[\"https:\\\/\\\/www.facebook.com\\\/mitipi.living\\\/\",\"https:\\\/\\\/www.linkedin.com\\\/company\\\/mitipi\",\"https:\\\/\\\/www.youtube.com\\\/channel\\\/UCtspkxdCXhCaggGl3LmJv6w\\\/featured\"]}]}<\/script>\n<!-- \/ Yoast SEO plugin. -->","yoast_head_json":{"title":"KEVIN.Business Sicherheits-Abo | Sicherheit f\u00fcr Ihr B\u00fcro und Lager","description":"Sicherheitsabo f\u00fcr Gesch\u00e4fte und KMU. F\u00fcr weniger als CHF 55.- pro Monat erhalten Sie drei KEVIN\u00ae.3, die Sie im Lager, B\u00fcro, Gesch\u00e4ft nutzen k\u00f6nnen. Damit erscheint der Eindruck, dass noch immer jemand am Arbeiten und anwesend ist.","robots":{"index":"index","follow":"follow","max-snippet":"max-snippet:-1","max-image-preview":"max-image-preview:large","max-video-preview":"max-video-preview:-1"},"canonical":"https:\/\/shop.mitipi.com\/de\/produkt\/sicherheitssystem-fuer-geschaefte\/","og_locale":"de_DE","og_type":"article","og_title":"KEVIN.Business Sicherheits-Abo | Sicherheit f\u00fcr Ihr B\u00fcro und Lager","og_description":"Sicherheitsabo f\u00fcr Gesch\u00e4fte und KMU. F\u00fcr weniger als CHF 55.- pro Monat erhalten Sie drei KEVIN\u00ae.3, die Sie im Lager, B\u00fcro, Gesch\u00e4ft nutzen k\u00f6nnen. Damit erscheint der Eindruck, dass noch immer jemand am Arbeiten und anwesend ist.","og_url":"https:\/\/shop.mitipi.com\/de\/produkt\/sicherheitssystem-fuer-geschaefte\/","og_site_name":"Mitipi","article_publisher":"https:\/\/www.facebook.com\/mitipi.living\/","article_modified_time":"2025-04-01T19:58:26+00:00","og_image":[{"width":450,"height":449,"url":"https:\/\/shop.mitipi.com\/wp-content\/uploads\/2025\/04\/RENT-BUSINESS.png","type":"image\/png"}],"twitter_card":"summary_large_image","twitter_misc":{"Gesch\u00e4tzte Lesezeit":"3\u00a0Minuten"},"schema":{"@context":"https:\/\/schema.org","@graph":[{"@type":"WebPage","@id":"https:\/\/shop.mitipi.com\/de\/produkt\/sicherheitssystem-fuer-geschaefte\/","url":"https:\/\/shop.mitipi.com\/de\/produkt\/sicherheitssystem-fuer-geschaefte\/","name":"KEVIN.Business Sicherheits-Abo | Sicherheit f\u00fcr Ihr B\u00fcro und Lager","isPartOf":{"@id":"https:\/\/shop.mitipi.com\/#website"},"primaryImageOfPage":{"@id":"https:\/\/shop.mitipi.com\/de\/produkt\/sicherheitssystem-fuer-geschaefte\/#primaryimage"},"image":{"@id":"https:\/\/shop.mitipi.com\/de\/produkt\/sicherheitssystem-fuer-geschaefte\/#primaryimage"},"thumbnailUrl":"https:\/\/shop.mitipi.com\/wp-content\/uploads\/2025\/04\/RENT-BUSINESS.png","datePublished":"2023-01-18T10:09:16+00:00","dateModified":"2025-04-01T19:58:26+00:00","description":"Sicherheitsabo f\u00fcr Gesch\u00e4fte und KMU. F\u00fcr weniger als CHF 55.- pro Monat erhalten Sie drei KEVIN\u00ae.3, die Sie im Lager, B\u00fcro, Gesch\u00e4ft nutzen k\u00f6nnen. Damit erscheint der Eindruck, dass noch immer jemand am Arbeiten und anwesend ist.","breadcrumb":{"@id":"https:\/\/shop.mitipi.com\/de\/produkt\/sicherheitssystem-fuer-geschaefte\/#breadcrumb"},"inLanguage":"de","potentialAction":[{"@type":"ReadAction","target":["https:\/\/shop.mitipi.com\/de\/produkt\/sicherheitssystem-fuer-geschaefte\/"]}]},{"@type":"ImageObject","inLanguage":"de","@id":"https:\/\/shop.mitipi.com\/de\/produkt\/sicherheitssystem-fuer-geschaefte\/#primaryimage","url":"https:\/\/shop.mitipi.com\/wp-content\/uploads\/2025\/04\/RENT-BUSINESS.png","contentUrl":"https:\/\/shop.mitipi.com\/wp-content\/uploads\/2025\/04\/RENT-BUSINESS.png","width":450,"height":449,"caption":"RENT BUSINESS SECURITY SYSTEM"},{"@type":"BreadcrumbList","@id":"https:\/\/shop.mitipi.com\/de\/produkt\/sicherheitssystem-fuer-geschaefte\/#breadcrumb","itemListElement":[{"@type":"ListItem","position":1,"name":"Home","item":"https:\/\/shop.mitipi.com\/de\/"},{"@type":"ListItem","position":2,"name":"Shop","item":"https:\/\/shop.mitipi.com\/"},{"@type":"ListItem","position":3,"name":"KEVIN\u00ae.3 Business Sicherheitsabo"}]},{"@type":"WebSite","@id":"https:\/\/shop.mitipi.com\/#website","url":"https:\/\/shop.mitipi.com\/","name":"Mitipi","description":"Mitipi keeps you safe","publisher":{"@id":"https:\/\/shop.mitipi.com\/#organization"},"potentialAction":[{"@type":"SearchAction","target":{"@type":"EntryPoint","urlTemplate":"https:\/\/shop.mitipi.com\/?s={search_term_string}"},"query-input":{"@type":"PropertyValueSpecification","valueRequired":true,"valueName":"search_term_string"}}],"inLanguage":"de"},{"@type":"Organization","@id":"https:\/\/shop.mitipi.com\/#organization","name":"Mitipi","url":"https:\/\/shop.mitipi.com\/","logo":{"@type":"ImageObject","inLanguage":"de","@id":"https:\/\/shop.mitipi.com\/#\/schema\/logo\/image\/","url":"https:\/\/shop.mitipi.com\/wp-content\/uploads\/2020\/03\/logo-blue-cut.png","contentUrl":"https:\/\/shop.mitipi.com\/wp-content\/uploads\/2020\/03\/logo-blue-cut.png","width":440,"height":121,"caption":"Mitipi"},"image":{"@id":"https:\/\/shop.mitipi.com\/#\/schema\/logo\/image\/"},"sameAs":["https:\/\/www.facebook.com\/mitipi.living\/","https:\/\/www.linkedin.com\/company\/mitipi","https:\/\/www.youtube.com\/channel\/UCtspkxdCXhCaggGl3LmJv6w\/featured"]}]}},"_links":{"self":[{"href":"https:\/\/shop.mitipi.com\/de\/wp-json\/wp\/v2\/product\/12149","targetHints":{"allow":["GET"]}}],"collection":[{"href":"https:\/\/shop.mitipi.com\/de\/wp-json\/wp\/v2\/product"}],"about":[{"href":"https:\/\/shop.mitipi.com\/de\/wp-json\/wp\/v2\/types\/product"}],"wp:featuredmedia":[{"embeddable":true,"href":"https:\/\/shop.mitipi.com\/de\/wp-json\/wp\/v2\/media\/13594"}],"wp:attachment":[{"href":"https:\/\/shop.mitipi.com\/de\/wp-json\/wp\/v2\/media?parent=12149"}],"wp:term":[{"taxonomy":"product_brand","embeddable":true,"href":"https:\/\/shop.mitipi.com\/de\/wp-json\/wp\/v2\/product_brand?post=12149"},{"taxonomy":"product_cat","embeddable":true,"href":"https:\/\/shop.mitipi.com\/de\/wp-json\/wp\/v2\/product_cat?post=12149"},{"taxonomy":"product_tag","embeddable":true,"href":"https:\/\/shop.mitipi.com\/de\/wp-json\/wp\/v2\/product_tag?post=12149"}],"curies":[{"name":"wp","href":"https:\/\/api.w.org\/{rel}","templated":true}]}}